{"id":1241,"date":"2019-04-29T09:19:15","date_gmt":"2019-04-29T08:19:15","guid":{"rendered":"http:\/\/cpas-ocmw1150.be\/?page_id=1241"},"modified":"2024-02-08T08:20:24","modified_gmt":"2024-02-08T07:20:24","slug":"r-g-p-d","status":"publish","type":"page","link":"https:\/\/cpas-ocmw1150.be\/fr_FR\/r-g-p-d\/","title":{"rendered":"R.G.P.D - G.D.P.R"},"content":{"rendered":"<p><em>Depuis le 25 mai 2018, le R\u00e8glement G\u00e9n\u00e9ral europ\u00e9en sur la Protection des donn\u00e9es \u00e0 caract\u00e8re personnel (ou R.G.P.D.) est en application. Son objectif est de donner aux citoyens plus de contr\u00f4le sur leurs donn\u00e9es personnelles et l\u2019usage qui en est fait. <\/em><\/p>\n<p><em>Dans le cadre de sa mission l\u00e9gale, notre Centre traite et sauvegarde certaines donn\u00e9es vous concernant. Quelles donn\u00e9es sont concern\u00e9es\u00a0? Toutes les donn\u00e9es \u00e0 caract\u00e8re personnel que vous nous confiez ou que nous recueillons sont concern\u00e9es, \u00e0 savoir toute information se rapportant \u00e0 une personne physique identifi\u00e9e ou identifiable (tel qu\u2019un nom, un num\u00e9ro d\u2019identification, des donn\u00e9es de localisation, etc.). <\/em><\/p>\n<p><em>Notre Centre veille \u00e0 ce que les donn\u00e9es r\u00e9colt\u00e9es soient suffisantes, pertinentes et non-excessives compte tenu de la finalit\u00e9 du traitement. <\/em><\/p>\n<p><em>Nous les utilisons exclusivement pour traiter vos demandes d\u2019aide, ainsi que pour vous fournir des informations sur les activit\u00e9s ou services propos\u00e9s par ou en collaboration avec notre Centre, \u00e0 l\u2019exclusion de toute utilisation \u00e0 des fins publicitaires.<\/em><\/p>\n<p><em>Ces donn\u00e9es ne sont en aucun cas transmises \u00e0 des tiers \u00e0 l\u2019exception des cas pr\u00e9vus par la loi (dans le cadre d\u2019un recours aupr\u00e8s des Instances judiciaires par exemple).<\/em><\/p>\n<p><em>Vous avez le droit d\u2019acc\u00e9der \u00e0 vos donn\u00e9es personnelles, de r\u00e9clamer les rectifications des donn\u00e9es erron\u00e9es ainsi que demander l\u2019effacement de vos donn\u00e9es \u00e0 caract\u00e8re personnel. <\/em><\/p>\n<p><em>Pour information g\u00e9n\u00e9rale, les citoyens ont \u00e9galement le droit d\u2019introduire une r\u00e9clamation aupr\u00e8s de l\u2019Autorit\u00e9 de protection des donn\u00e9es (<\/em><a href=\"https:\/\/www.autoriteprotectiondonnees.be\/\" target=\"_blank\" rel=\"noopener\"><em>www.privacycommission.be<\/em><\/a><em>).<\/em><\/p>\n<p>Si vous avez des questions ou si vous souhaitez obtenir des informations suppl\u00e9mentaires, nous vous invitons \u00e0 envoyer un courriel \u00e0 l&rsquo;adresse suivante : <a href=\"mailto:gdpr.cpas@woluwe1150.be\">gdpr.cpas@woluwe1150.be<\/a><\/p>\n","protected":false},"excerpt":{"rendered":"<p><em>\u00ab\u00a0Depuis le 25 mai 2018, le R\u00e8glement G\u00e9n\u00e9ral europ\u00e9en sur la Protection des donn\u00e9es \u00e0 caract\u00e8re personnel (ou R.G.P.D.) est en application. Son objectif est de donner aux citoyens plus de contr\u00f4le sur leurs donn\u00e9es personnelles et l\u2019usage qui en&#8230;<\/em><\/p>\n","protected":false},"author":2,"featured_media":0,"parent":0,"menu_order":0,"comment_status":"closed","ping_status":"closed","template":"","meta":[],"_links":{"self":[{"href":"https:\/\/cpas-ocmw1150.be\/fr_FR\/wp-json\/wp\/v2\/pages\/1241"}],"collection":[{"href":"https:\/\/cpas-ocmw1150.be\/fr_FR\/wp-json\/wp\/v2\/pages"}],"about":[{"href":"https:\/\/cpas-ocmw1150.be\/fr_FR\/wp-json\/wp\/v2\/types\/page"}],"author":[{"embeddable":true,"href":"https:\/\/cpas-ocmw1150.be\/fr_FR\/wp-json\/wp\/v2\/users\/2"}],"replies":[{"embeddable":true,"href":"https:\/\/cpas-ocmw1150.be\/fr_FR\/wp-json\/wp\/v2\/comments?post=1241"}],"version-history":[{"count":11,"href":"https:\/\/cpas-ocmw1150.be\/fr_FR\/wp-json\/wp\/v2\/pages\/1241\/revisions"}],"predecessor-version":[{"id":2773,"href":"https:\/\/cpas-ocmw1150.be\/fr_FR\/wp-json\/wp\/v2\/pages\/1241\/revisions\/2773"}],"wp:attachment":[{"href":"https:\/\/cpas-ocmw1150.be\/fr_FR\/wp-json\/wp\/v2\/media?parent=1241"}],"curies":[{"name":"wp","href":"https:\/\/api.w.org\/{rel}","templated":true}]}}