{"id":1330,"date":"2020-04-09T08:10:36","date_gmt":"2020-04-09T07:10:36","guid":{"rendered":"https:\/\/cpas-ocmw1150.be\/?page_id=1330"},"modified":"2026-03-06T15:31:14","modified_gmt":"2026-03-06T14:31:14","slug":"transparence-transparentie-van-informatie","status":"publish","type":"page","link":"https:\/\/cpas-ocmw1150.be\/fr_FR\/transparence-transparentie-van-informatie\/","title":{"rendered":"Transparence"},"content":{"rendered":"\n<figure class=\"wp-block-image size-large\"><img decoding=\"async\" loading=\"lazy\" width=\"1024\" height=\"478\" src=\"https:\/\/cpas-ocmw1150.be\/wp-content\/uploads\/2023\/07\/CPAS-transparence-1024x478.png\" alt=\"Transparence - Cpas de Woluwe Saint Pierre\" class=\"wp-image-2433\" srcset=\"https:\/\/cpas-ocmw1150.be\/wp-content\/uploads\/2023\/07\/CPAS-transparence-1024x478.png 1024w, https:\/\/cpas-ocmw1150.be\/wp-content\/uploads\/2023\/07\/CPAS-transparence-180x84.png 180w, https:\/\/cpas-ocmw1150.be\/wp-content\/uploads\/2023\/07\/CPAS-transparence-80x37.png 80w, https:\/\/cpas-ocmw1150.be\/wp-content\/uploads\/2023\/07\/CPAS-transparence-768x358.png 768w, https:\/\/cpas-ocmw1150.be\/wp-content\/uploads\/2023\/07\/CPAS-transparence-1536x717.png 1536w, https:\/\/cpas-ocmw1150.be\/wp-content\/uploads\/2023\/07\/CPAS-transparence-2048x956.png 2048w\" sizes=\"(max-width: 1024px) 100vw, 1024px\" \/><\/figure>\n\n\n<p style=\"text-align: justify;\">Dans le cadre de notre engagement envers la responsabilit\u00e9 et l&rsquo;int\u00e9grit\u00e9, nous sommes fermement convaincus que la transparence joue un r\u00f4le essentiel pour maintenir la confiance du public.<\/p>\n<p style=\"text-align: justify;\">La page Transparence a \u00e9t\u00e9 cr\u00e9\u00e9e dans le but de vous offrir une visibilit\u00e9 compl\u00e8te sur les activit\u00e9s financi\u00e8res du CPAS de Woluwe-Saint-Pierre.&nbsp; Ainsi, nous mettons tout en \u0153uvre pour r\u00e9pondre \u00e0 cette exigence en vous fournissant des informations d\u00e9taill\u00e9es et facilement accessibles.<\/p>\n<p style=\"text-align: justify;\">Notre objectif est de vous permettre de mieux comprendre nos op\u00e9rations financi\u00e8res, afin que vous puissiez avoir une vision claire et inform\u00e9e de la mani\u00e8re dont nous g\u00e9rons les ressources dont nous disposons.<\/p>\n<p><span style=\"color: #000080;\"><span style=\"color: #ffcc00;\"><i class=\"fas fa-caret-right\"><\/i><\/span> <a href=\"https:\/\/cpas-ocmw1150.be\/wp-content\/uploads\/2026\/03\/Note-de-politique-generale-2026-FR.pdf\" target=\"_blank\" rel=\"noopener\">Note de politique g\u00e9n\u00e9rale 2026<\/a><br \/><span style=\"color: #ffcc00;\"><i class=\"fas fa-caret-right\"><\/i> <a href=\"https:\/\/cpas-ocmw1150.be\/wp-content\/uploads\/2026\/03\/Budget-2026.pdf\" target=\"_blank\" rel=\"noopener\">Budget 2026<\/a><\/span><\/span><\/p>\n<p><span style=\"color: #000080;\"><span style=\"color: #ffcc00;\"><i class=\"fas fa-caret-right\"><\/i><\/span> <a href=\"https:\/\/cpas-ocmw1150.be\/wp-content\/uploads\/2025\/02\/Note-de-politique-generale-FR-2025.pdf\" target=\"_blank\" rel=\"noopener\">Note de politique g\u00e9n\u00e9rale 2025<\/a><br \/><span style=\"color: #ffcc00;\"><i class=\"fas fa-caret-right\"><\/i> <a href=\"https:\/\/cpas-ocmw1150.be\/wp-content\/uploads\/2025\/02\/BUDGET-2025.pdf\" target=\"_blank\" rel=\"noopener\">Budget 2025<\/a><\/span><\/span><\/p>\n<p><span style=\"color: #000080;\"><span style=\"color: #ffcc00;\"><i class=\"fas fa-caret-right\"><\/i> <a href=\"https:\/\/cpas-ocmw1150.be\/wp-content\/uploads\/2026\/01\/MP-151125-010126-signe-VC.pdf\" target=\"_blank\" rel=\"noopener\">Liste des march\u00e9s 2025<\/a><\/span><\/span><\/p>\n<p><span style=\"color: #000080;\"><span style=\"color: #ffcc00;\"><i class=\"fas fa-caret-right\"><\/i><\/span> <a href=\"https:\/\/cpas-ocmw1150.be\/wp-content\/uploads\/2025\/02\/BUDGET-2025-Note-dOrientation-FR.pdf\" target=\"_blank\" rel=\"noopener\">Note d&rsquo;orientation<\/a><br \/><span style=\"color: #ffcc00;\"><i class=\"fas fa-caret-right\"><\/i> <a href=\"https:\/\/cpas-ocmw1150.be\/wp-content\/uploads\/2025\/02\/BUDGET-2025-Rapport-sur-les-economies-dechelles-FR.pdf\" target=\"_blank\" rel=\"noopener\">Rapport sur les \u00e9conomies d&rsquo;\u00e9chelles<\/a><\/span><\/span><\/p>\n<p><span style=\"color: #000080;\"><span style=\"color: #ffcc00;\"><i class=\"fas fa-caret-right\"><\/i> <a href=\"https:\/\/cpas-ocmw1150.be\/wp-content\/uploads\/2025\/06\/Tableau-Mandataires-2024-R.pdf\" target=\"_blank\" rel=\"noopener\"><span style=\"color: #000000;\">Mandataires 2024<\/span><\/a><br \/><\/span><span style=\"color: #000080;\"><span style=\"color: #ffcc00;\"><i class=\"fas fa-caret-right\"><\/i> <a href=\"https:\/\/cpas-ocmw1150.be\/wp-content\/uploads\/2025\/06\/Rapport-etat-des-lieux-des-MP-2024-R.pdf\" target=\"_blank\" rel=\"noopener\">Liste des march\u00e9s 2024<\/a><\/span><\/span><\/span><\/p>\n<p><\/p>\n<hr \/>\n<p><span style=\"color: #000080;\"><span style=\"color: #ffcc00;\"><i class=\"fas fa-caret-right\"><\/i><\/span> <a href=\"https:\/\/cpas-ocmw1150.be\/wp-content\/uploads\/2024\/03\/Note-de-politique-generale-FR-2024.pdf\">Note de politique g\u00e9n\u00e9rale 2024<\/a><br \/><span style=\"color: #ffcc00;\"><i class=\"fas fa-caret-right\"><\/i> <a href=\"https:\/\/cpas-ocmw1150.be\/wp-content\/uploads\/2024\/03\/Budget-2024.pdf\">Budget 2024<\/a><br \/><i class=\"fas fa-caret-right\"><\/i> <a href=\"https:\/\/cpas-ocmw1150.be\/wp-content\/uploads\/2024\/08\/Tableau_remu_Mandataires_CPAS-2023.pdf\" target=\"_blank\" rel=\"noopener\"><span style=\"color: #000000;\">R\u00e9mun\u00e9rations 2023<\/span><\/a><br \/><i class=\"fas fa-caret-right\"><\/i> <a href=\"https:\/\/cpas-ocmw1150.be\/wp-content\/uploads\/2024\/08\/Rapport_Marches_2023.pdf\">Liste des march\u00e9s 2023<\/a><br \/><\/span><\/span><\/p>\n<hr \/>\n<p><span style=\"color: #000080;\"><span style=\"color: #ffcc00;\"><i class=\"fas fa-caret-right\"><\/i><\/span> <a href=\"https:\/\/cpas-ocmw1150.be\/wp-content\/uploads\/2023\/09\/Note-de-politique-generale-FR-2023.pdf\" target=\"_blank\" rel=\"noopener\">Note de politique g\u00e9n\u00e9rale 2023<\/a><br \/><span style=\"color: #ffcc00;\"><i class=\"fas fa-caret-right\"><\/i> <a href=\"https:\/\/cpas-ocmw1150.be\/wp-content\/uploads\/2023\/09\/Budget-2023.pdf\" target=\"_blank\" rel=\"noopener\">Budget 2023<\/a><br \/><i class=\"fas fa-caret-right\"><\/i> <a href=\"https:\/\/cpas-ocmw1150.be\/wp-content\/uploads\/2023\/07\/Remunerations-2022.pdf\" target=\"_blank\" rel=\"noopener\"><span style=\"color: #000000;\">R\u00e9mun\u00e9rations 2022<\/span><\/a><br \/><i class=\"fas fa-caret-right\"><\/i> <a href=\"https:\/\/cpas-ocmw1150.be\/wp-content\/uploads\/2023\/08\/Liste-des-marches-2022.pdf\" target=\"_blank\" rel=\"noopener\">Liste des march\u00e9s 2022<\/a><br \/><\/span><\/span><\/p>\n<hr \/>\n<p><span style=\"color: #ffcc00;\"><i class=\"fas fa-caret-right\"><\/i> <\/span><a href=\"https:\/\/cpas-ocmw1150.be\/wp-content\/uploads\/2022\/03\/Note-de-politique-g\u00e9n\u00e9rale-FR-2022.pdf\" target=\"_blank\" rel=\"noopener\">Note de politique g\u00e9n\u00e9rale 2022<\/a><br \/><span style=\"color: #ffcc00;\"><i class=\"fas fa-caret-right\"><\/i><\/span> <a href=\"https:\/\/cpas-ocmw1150.be\/wp-content\/uploads\/2022\/03\/Plandactiontriennal2022-2024.pdf.pdf\" target=\"_blank\" rel=\"noopener\">Plan d&rsquo;action tri\u00e9nnale 2022-2024<\/a><br \/><span style=\"color: #000080;\"><span style=\"color: #ffcc00;\"><i class=\"fas fa-caret-right\"><\/i><\/span>&nbsp;<\/span><a href=\"https:\/\/cpas-ocmw1150.be\/wp-content\/uploads\/2022\/03\/Budget-2022.pdf\" target=\"_blank\" rel=\"noopener\">Budget 2022<\/a><br \/><span style=\"color: #ffcc00;\"><i class=\"fas fa-caret-right\"><\/i>&nbsp;<\/span><a href=\"https:\/\/cpas-ocmw1150.be\/wp-content\/uploads\/2022\/05\/Tableau_Remun\u00e9rations_2021.pdf\">R\u00e9mun\u00e9rations 2021<\/a><br \/><span style=\"color: #ffcc00;\"><i class=\"fas fa-caret-right\"><\/i>&nbsp;<\/span><a href=\"https:\/\/cpas-ocmw1150.be\/wp-content\/uploads\/2022\/05\/Tableau_MP_2021.pdf\">Liste des march\u00e9s 2021<\/a><\/p>\n<hr \/>\n<p><span style=\"color: #ffcc00;\"><i class=\"fas fa-caret-right\"><\/i><\/span> <a href=\"https:\/\/cpas-ocmw1150.be\/wp-content\/uploads\/2021\/03\/Note-de-politique-g\u00e9n\u00e9rale-FR-2021.pdf\" target=\"_blank\" rel=\"noopener\">Note de politique g\u00e9n\u00e9rale 2021<\/a><br \/><span style=\"color: #ffcc00;\"><i class=\"fas fa-caret-right\"><\/i><\/span><a href=\"https:\/\/cpas-ocmw1150.be\/wp-content\/uploads\/2020\/04\/Note_d_orientation_2020-2021.pdf\" target=\"_blank\" rel=\"noopener\"> Note d&rsquo;orientation 2020-2021<\/a><br \/><span style=\"color: #000080;\"><span style=\"color: #ffcc00;\"><i class=\"fas fa-caret-right\"><\/i><\/span>&nbsp;<\/span><a href=\"https:\/\/cpas-ocmw1150.be\/wp-content\/uploads\/2021\/03\/Budget-2021.pdf\" target=\"_blank\" rel=\"noopener\">Budget 2021<\/a><br \/><span style=\"color: #000080;\"><span style=\"color: #ffcc00;\"><i class=\"fas fa-caret-right\"><\/i><\/span>&nbsp;<\/span><a href=\"https:\/\/cpas-ocmw1150.be\/wp-content\/uploads\/2021\/04\/R\u00e9mun.-2020-R.pdf\" target=\"_blank\" rel=\"noopener\">R\u00e9mun\u00e9rations 2020<\/a><br \/><span style=\"color: #000080;\"><span style=\"color: #ffcc00;\"><i class=\"fas fa-caret-right\"><\/i><\/span>&nbsp;<\/span><a href=\"https:\/\/cpas-ocmw1150.be\/wp-content\/uploads\/2021\/04\/Liste-des-marches-2020.pdf\" target=\"_blank\" rel=\"noopener\">Liste des march\u00e9s 2020<\/a><\/p>\n<hr \/>\n<p><span style=\"color: #ffcc00;\"><i class=\"fas fa-caret-right\"><\/i><\/span><a href=\"https:\/\/cpas-ocmw1150.be\/wp-content\/uploads\/2020\/04\/Note_de_politique_generale_2020.pdf\" target=\"_blank\" rel=\"noopener\"> Note de politique g\u00e9n\u00e9rale 2020<\/a><br \/><span style=\"color: #ffcc00;\"><i class=\"fas fa-caret-right\"><\/i><\/span><a href=\"https:\/\/cpas-ocmw1150.be\/wp-content\/uploads\/2020\/04\/Note_d_orientation_2020-2021.pdf\" target=\"_blank\" rel=\"noopener\"> Note d&rsquo;orientation 2020-2021<\/a><br \/><span style=\"color: #000080;\"><span style=\"color: #ffcc00;\"><i class=\"fas fa-caret-right\"><\/i><\/span>&nbsp;<\/span><a href=\"https:\/\/cpas-ocmw1150.be\/wp-content\/uploads\/2020\/04\/Budget-Begroting_2020.pdf\" target=\"_blank\" rel=\"noopener\">Budget 2020<\/a><br \/><span style=\"color: #000080;\"><span style=\"color: #ffcc00;\"><i class=\"fas fa-caret-right\"><\/i><\/span>&nbsp;<\/span><a href=\"https:\/\/cpas-ocmw1150.be\/wp-content\/uploads\/2021\/04\/R\u00e9mun.-2019-R.pdf\" target=\"_blank\" rel=\"noopener\">R\u00e9mun\u00e9rations 2019<\/a><br \/><span style=\"color: #ffcc00;\"><i class=\"fas fa-caret-right\"><\/i>&nbsp;<\/span><a href=\"https:\/\/cpas-ocmw1150.be\/wp-content\/uploads\/2021\/04\/Liste-des-marches-2019.pdf\" target=\"_blank\" rel=\"noopener\">Liste des march\u00e9s 2019<\/a><\/p>","protected":false},"excerpt":{"rendered":"<p><span style=\"color: #000080;\"><i class=\"fas fa-caret-right\"><\/i><\/span> Note de politique g\u00e9n\u00e9rale 2020-2021<\/p>\n<p><span style=\"color: #000080;\"><i class=\"fas fa-caret-right\"><\/i><\/span> Note d&rsquo;orientation 2020-20&#8230;<\/p>\n","protected":false},"author":7,"featured_media":2433,"parent":0,"menu_order":0,"comment_status":"closed","ping_status":"closed","template":"","meta":[],"_links":{"self":[{"href":"https:\/\/cpas-ocmw1150.be\/fr_FR\/wp-json\/wp\/v2\/pages\/1330"}],"collection":[{"href":"https:\/\/cpas-ocmw1150.be\/fr_FR\/wp-json\/wp\/v2\/pages"}],"about":[{"href":"https:\/\/cpas-ocmw1150.be\/fr_FR\/wp-json\/wp\/v2\/types\/page"}],"author":[{"embeddable":true,"href":"https:\/\/cpas-ocmw1150.be\/fr_FR\/wp-json\/wp\/v2\/users\/7"}],"replies":[{"embeddable":true,"href":"https:\/\/cpas-ocmw1150.be\/fr_FR\/wp-json\/wp\/v2\/comments?post=1330"}],"version-history":[{"count":88,"href":"https:\/\/cpas-ocmw1150.be\/fr_FR\/wp-json\/wp\/v2\/pages\/1330\/revisions"}],"predecessor-version":[{"id":3626,"href":"https:\/\/cpas-ocmw1150.be\/fr_FR\/wp-json\/wp\/v2\/pages\/1330\/revisions\/3626"}],"wp:featuredmedia":[{"embeddable":true,"href":"https:\/\/cpas-ocmw1150.be\/fr_FR\/wp-json\/wp\/v2\/media\/2433"}],"wp:attachment":[{"href":"https:\/\/cpas-ocmw1150.be\/fr_FR\/wp-json\/wp\/v2\/media?parent=1330"}],"curies":[{"name":"wp","href":"https:\/\/api.w.org\/{rel}","templated":true}]}}