{"id":1417,"date":"2020-09-24T08:39:36","date_gmt":"2020-09-24T07:39:36","guid":{"rendered":"https:\/\/cpas-ocmw1150.be\/?page_id=1417"},"modified":"2020-09-24T10:09:02","modified_gmt":"2020-09-24T09:09:02","slug":"cookie-policy","status":"publish","type":"page","link":"https:\/\/cpas-ocmw1150.be\/fr_FR\/cookie-policy\/","title":{"rendered":"Cookie Policy"},"content":{"rendered":"<h2>Cookie Policy<\/h2>\n<p><strong>Utilisation des cookies sur notre site<\/strong><br \/>\nLe site du CPAS de Woluwe-Saint-Pierre utilise des cookies afin d\u2019optimiser son fonctionnement.<\/p>\n<p><strong>Qu\u2019est-ce qu\u2019un cookie?<\/strong><br \/>\nUn cookie est un petit fichier texte, \u00e9ventuellement chiffr\u00e9, sauvegard\u00e9 par un site web sur l\u2019ordinateur ou le terminal (smartphone, tablette\u2026) que vous utilisez pour le consulter. Ces cookies ont pour finalit\u00e9 d\u2019acc\u00e9l\u00e9rer et de personnaliser votre utilisation d\u2019un site au fur et \u00e0 mesure que vous le visitez et y retournez.<br \/>\nPour ce faire les cookies communiquent des informations entre votre navigateur web (Chrome, Firefox, Internet Explorer\u2026) et le serveur qui h\u00e9berge le site web, par exemple sur vos pr\u00e9f\u00e9rences d\u2019affichage du site (langue, taille des caract\u00e8res\u2026), votre historique de navigation, vos choix parmi les options propos\u00e9es par un site ou encore des donn\u00e9es d\u2019enregistrement.<\/p>\n<p><strong>Quels cookies utilisons-nous sur le site ?<\/strong><br \/>\n<em>Des cookies essentiels ;<\/em><br \/>\nCes cookies sont n\u00e9cessaires pour des raisons purement techniques pour une visite normale du site Internet.<br \/>\nVu la n\u00e9cessit\u00e9 technique, seule une obligation d&rsquo;information s&rsquo;applique, et ces cookies sont plac\u00e9s d\u00e8s que vous acc\u00e9dez au site Internet.<\/p>\n<table width=\"615\">\n<tbody>\n<tr>\n<td width=\"123\"><strong>Nom du cookie<\/strong><\/td>\n<td width=\"132\"><strong>Source<\/strong><\/td>\n<td width=\"246\"><strong>Fonction<\/strong><\/td>\n<td width=\"114\"><strong>Expiration<\/strong><\/td>\n<\/tr>\n<tr>\n<td width=\"123\">PHPSESSID<\/td>\n<td width=\"132\">cpas-ocmw1150.be<\/td>\n<td width=\"246\">Pr\u00e9serve l&rsquo;\u00e9tat de la session utilisateur \u00e0 travers les demandes de page.<\/td>\n<td width=\"114\">Fin de session<\/td>\n<\/tr>\n<tr>\n<td width=\"123\">SERVERID<\/td>\n<td width=\"132\">cpas-ocmw1150.be<\/td>\n<td width=\"246\">Assigne \u00e0 un serveur le traitement des requ\u00eates d\u2019un m\u00eame utilisateur.<\/td>\n<td width=\"114\">Fin de session<\/td>\n<\/tr>\n<\/tbody>\n<\/table>\n<p><em>Cookie fonctionnels :<\/em><br \/>\nVous ne pouvez pas refuser ces cookies si vous d\u00e9sirez naviguer sur ce site Internet, mais ils ne sont plac\u00e9s qu&rsquo;apr\u00e8s qu&rsquo;un choix aura \u00e9t\u00e9 effectu\u00e9 concernant le placement de cookies.<\/p>\n<table width=\"615\">\n<tbody>\n<tr>\n<td width=\"123\"><strong>Nom du cookie<\/strong><\/td>\n<td width=\"132\"><strong>Source<\/strong><\/td>\n<td width=\"246\"><strong>Fonction<\/strong><\/td>\n<td width=\"114\"><strong>Expiration<\/strong><\/td>\n<\/tr>\n<tr>\n<td width=\"123\">mltlngg_language<\/td>\n<td width=\"132\">cpas-ocmw1150.be<\/td>\n<td width=\"246\">Enregistre les pr\u00e9f\u00e9rences linguistiques<\/td>\n<td width=\"114\">29 jours<\/td>\n<\/tr>\n<\/tbody>\n<\/table>\n<p><strong>Comment contr\u00f4ler les cookies ?<\/strong><br \/>\nVous pouvez contr\u00f4ler et\/ou supprimer des cookies comme vous le souhaitez \u00e0 l\u2019aide des param\u00e8tres de configuration de votre navigateur.<br \/>\nVous avez la possibilit\u00e9 de supprimer tous les cookies d\u00e9j\u00e0 stock\u00e9s sur votre ordinateur et de configurer la plupart des navigateurs pour qu\u2019ils les bloquent. Toutefois, dans ce cas, vous devrez peut-\u00eatre indiquer vous-m\u00eames certaines pr\u00e9f\u00e9rences chaque fois que vous vous rendrez sur un site, et certains services et fonctionnalit\u00e9s risquent de ne pas \u00eatre accessibles.<\/p>\n","protected":false},"excerpt":{"rendered":"<h2>Cookie Policy<\/h2>\n<p><strong>Utilisation des cookies sur notre site<\/strong><br \/>\nLe site du CPAS de Woluwe-Saint-Pierre utilise des cookies afin d\u2019optimiser son fonctionnement.<\/p>\n<p><strong>Qu\u2019est-ce qu\u2019un cookie?<\/strong><br \/>\nUn cookie est un petit fichi&#8230;<\/p>\n","protected":false},"author":2,"featured_media":0,"parent":0,"menu_order":0,"comment_status":"closed","ping_status":"closed","template":"","meta":[],"_links":{"self":[{"href":"https:\/\/cpas-ocmw1150.be\/fr_FR\/wp-json\/wp\/v2\/pages\/1417"}],"collection":[{"href":"https:\/\/cpas-ocmw1150.be\/fr_FR\/wp-json\/wp\/v2\/pages"}],"about":[{"href":"https:\/\/cpas-ocmw1150.be\/fr_FR\/wp-json\/wp\/v2\/types\/page"}],"author":[{"embeddable":true,"href":"https:\/\/cpas-ocmw1150.be\/fr_FR\/wp-json\/wp\/v2\/users\/2"}],"replies":[{"embeddable":true,"href":"https:\/\/cpas-ocmw1150.be\/fr_FR\/wp-json\/wp\/v2\/comments?post=1417"}],"version-history":[{"count":15,"href":"https:\/\/cpas-ocmw1150.be\/fr_FR\/wp-json\/wp\/v2\/pages\/1417\/revisions"}],"predecessor-version":[{"id":1448,"href":"https:\/\/cpas-ocmw1150.be\/fr_FR\/wp-json\/wp\/v2\/pages\/1417\/revisions\/1448"}],"wp:attachment":[{"href":"https:\/\/cpas-ocmw1150.be\/fr_FR\/wp-json\/wp\/v2\/media?parent=1417"}],"curies":[{"name":"wp","href":"https:\/\/api.w.org\/{rel}","templated":true}]}}