{"id":1450,"date":"2020-10-26T08:24:44","date_gmt":"2020-10-26T07:24:44","guid":{"rendered":"https:\/\/cpas-ocmw1150.be\/?page_id=1450"},"modified":"2020-10-26T14:08:31","modified_gmt":"2020-10-26T13:08:31","slug":"coronavirus","status":"publish","type":"page","link":"https:\/\/cpas-ocmw1150.be\/fr_FR\/coronavirus\/","title":{"rendered":"Coronavirus"},"content":{"rendered":"<h2>Une aide du CPAS pour les m\u00e9nages impact\u00e9s par la crise<\/h2>\n<p>Un fond f\u00e9d\u00e9ral \u00abSubsides COVID 19\u00bb a \u00e9t\u00e9 d\u00e9bloqu\u00e9 afin de venir en aide aux m\u00e9nages impact\u00e9s par la crise sanitaire et \u00e9conomique que nous traversons. Notre CPAS a mis en place un dispositif de soutien sp\u00e9cifique.<\/p>\n<p><a href=\"https:\/\/www.youtube.com\/watch?v=-44Vw1Mxh1g\" target=\"_blank\" rel=\"noopener\"><img decoding=\"async\" loading=\"lazy\" class=\"aligncenter size-full wp-image-1514\" src=\"https:\/\/cpas-ocmw1150.be\/wp-content\/uploads\/2020\/10\/miniature_videofrV.png\" alt=\"\" width=\"646\" height=\"365\" srcset=\"https:\/\/cpas-ocmw1150.be\/wp-content\/uploads\/2020\/10\/miniature_videofrV.png 646w, https:\/\/cpas-ocmw1150.be\/wp-content\/uploads\/2020\/10\/miniature_videofrV-80x45.png 80w, https:\/\/cpas-ocmw1150.be\/wp-content\/uploads\/2020\/10\/miniature_videofrV-180x102.png 180w\" sizes=\"(max-width: 646px) 100vw, 646px\" \/><\/a><\/p>\n<p><span id=\"more-36222\"><\/span>Les revenus de votre m\u00e9nage se situent en dessous de 2.100\u20ac nets par mois (hors allocations familiales et pensions alimentaires, major\u00e9s de 200\u20ac\/enfant \u00e0 charge \u00e0 plein temps)\u00a0? La crise du Covid a diminu\u00e9 vos revenus ou augment\u00e9 vos d\u00e9penses\u00a0?<\/p>\n<p>N\u2019h\u00e9sitez pas \u00e0 (r\u00e9)introduire une demande d\u2019aide aupr\u00e8s de notre CPAS. Chaque aide sera octroy\u00e9e sur base d\u2019une enqu\u00eate sociale individualis\u00e9e.<\/p>\n<p><strong>Contact Cellule Covid\u00a0 :<br \/>\n<\/strong><strong>Mah\u00e9 Desmet &#8211; 02\/773.59.91<br \/>\nAccueil du CPAS : 02\/773.59.00 (pr\u00e9cisez que vous souhaitez une entrevue avec la cellule COVID)<\/strong><\/p>\n<p><img decoding=\"async\" loading=\"lazy\" class=\"wp-image-1495 alignleft\" src=\"https:\/\/cpas-ocmw1150.be\/wp-content\/uploads\/2020\/10\/FR_3-1024x1024.png\" alt=\"\" width=\"640\" height=\"640\" srcset=\"https:\/\/cpas-ocmw1150.be\/wp-content\/uploads\/2020\/10\/FR_3-1024x1024.png 1024w, https:\/\/cpas-ocmw1150.be\/wp-content\/uploads\/2020\/10\/FR_3-80x80.png 80w, https:\/\/cpas-ocmw1150.be\/wp-content\/uploads\/2020\/10\/FR_3-180x180.png 180w, https:\/\/cpas-ocmw1150.be\/wp-content\/uploads\/2020\/10\/FR_3-768x768.png 768w, https:\/\/cpas-ocmw1150.be\/wp-content\/uploads\/2020\/10\/FR_3-400x400.png 400w, https:\/\/cpas-ocmw1150.be\/wp-content\/uploads\/2020\/10\/FR_3-100x100.png 100w, https:\/\/cpas-ocmw1150.be\/wp-content\/uploads\/2020\/10\/FR_3-60x60.png 60w, https:\/\/cpas-ocmw1150.be\/wp-content\/uploads\/2020\/10\/FR_3.png 1080w\" sizes=\"(max-width: 640px) 100vw, 640px\" \/><img decoding=\"async\" loading=\"lazy\" class=\"size-large wp-image-1493 alignleft\" src=\"https:\/\/cpas-ocmw1150.be\/wp-content\/uploads\/2020\/10\/FR_1-1024x1024.png\" alt=\"\" width=\"640\" height=\"640\" srcset=\"https:\/\/cpas-ocmw1150.be\/wp-content\/uploads\/2020\/10\/FR_1-1024x1024.png 1024w, https:\/\/cpas-ocmw1150.be\/wp-content\/uploads\/2020\/10\/FR_1-80x80.png 80w, https:\/\/cpas-ocmw1150.be\/wp-content\/uploads\/2020\/10\/FR_1-180x180.png 180w, https:\/\/cpas-ocmw1150.be\/wp-content\/uploads\/2020\/10\/FR_1-768x768.png 768w, https:\/\/cpas-ocmw1150.be\/wp-content\/uploads\/2020\/10\/FR_1-400x400.png 400w, https:\/\/cpas-ocmw1150.be\/wp-content\/uploads\/2020\/10\/FR_1-100x100.png 100w, https:\/\/cpas-ocmw1150.be\/wp-content\/uploads\/2020\/10\/FR_1-60x60.png 60w, https:\/\/cpas-ocmw1150.be\/wp-content\/uploads\/2020\/10\/FR_1.png 1080w\" sizes=\"(max-width: 640px) 100vw, 640px\" \/><strong><img decoding=\"async\" loading=\"lazy\" class=\" wp-image-1494 alignleft\" src=\"https:\/\/cpas-ocmw1150.be\/wp-content\/uploads\/2020\/10\/FR_2-1024x1024.png\" alt=\"\" width=\"640\" height=\"640\" srcset=\"https:\/\/cpas-ocmw1150.be\/wp-content\/uploads\/2020\/10\/FR_2-1024x1024.png 1024w, https:\/\/cpas-ocmw1150.be\/wp-content\/uploads\/2020\/10\/FR_2-80x80.png 80w, https:\/\/cpas-ocmw1150.be\/wp-content\/uploads\/2020\/10\/FR_2-180x180.png 180w, https:\/\/cpas-ocmw1150.be\/wp-content\/uploads\/2020\/10\/FR_2-768x768.png 768w, https:\/\/cpas-ocmw1150.be\/wp-content\/uploads\/2020\/10\/FR_2-400x400.png 400w, https:\/\/cpas-ocmw1150.be\/wp-content\/uploads\/2020\/10\/FR_2-100x100.png 100w, https:\/\/cpas-ocmw1150.be\/wp-content\/uploads\/2020\/10\/FR_2-60x60.png 60w, https:\/\/cpas-ocmw1150.be\/wp-content\/uploads\/2020\/10\/FR_2.png 1080w\" sizes=\"(max-width: 640px) 100vw, 640px\" \/><br \/>\n<\/strong><\/p>\n","protected":false},"excerpt":{"rendered":"<p>Les derniers arr\u00eat\u00e9s, ordonnances et communications officielles<\/p>\n<p>\u00a0<\/p>\n<p>&#8230;<\/p>\n","protected":false},"author":2,"featured_media":0,"parent":0,"menu_order":0,"comment_status":"closed","ping_status":"closed","template":"","meta":[],"_links":{"self":[{"href":"https:\/\/cpas-ocmw1150.be\/fr_FR\/wp-json\/wp\/v2\/pages\/1450"}],"collection":[{"href":"https:\/\/cpas-ocmw1150.be\/fr_FR\/wp-json\/wp\/v2\/pages"}],"about":[{"href":"https:\/\/cpas-ocmw1150.be\/fr_FR\/wp-json\/wp\/v2\/types\/page"}],"author":[{"embeddable":true,"href":"https:\/\/cpas-ocmw1150.be\/fr_FR\/wp-json\/wp\/v2\/users\/2"}],"replies":[{"embeddable":true,"href":"https:\/\/cpas-ocmw1150.be\/fr_FR\/wp-json\/wp\/v2\/comments?post=1450"}],"version-history":[{"count":38,"href":"https:\/\/cpas-ocmw1150.be\/fr_FR\/wp-json\/wp\/v2\/pages\/1450\/revisions"}],"predecessor-version":[{"id":2266,"href":"https:\/\/cpas-ocmw1150.be\/fr_FR\/wp-json\/wp\/v2\/pages\/1450\/revisions\/2266"}],"wp:attachment":[{"href":"https:\/\/cpas-ocmw1150.be\/fr_FR\/wp-json\/wp\/v2\/media?parent=1450"}],"curies":[{"name":"wp","href":"https:\/\/api.w.org\/{rel}","templated":true}]}}