{"id":1797,"date":"2023-03-31T09:43:59","date_gmt":"2023-03-31T08:43:59","guid":{"rendered":"https:\/\/cpas-ocmw1150.be\/?page_id=1797"},"modified":"2026-03-04T12:48:55","modified_gmt":"2026-03-04T11:48:55","slug":"accueil-cpas-de-woluwe-saint-pierre","status":"publish","type":"page","link":"https:\/\/cpas-ocmw1150.be\/fr_FR\/","title":{"rendered":"Accueil"},"content":{"rendered":"<p>Vous habitez Woluwe-Saint-Pierre et vous rencontrez des difficult\u00e9s financi\u00e8res, juridiques ou sociales, le CPAS de Woluwe-Saint-Pierre est l\u00e0 pour vous aider.<\/p>\n\n\n<figure class=\"wp-block-image\"><img decoding=\"async\" loading=\"lazy\" width=\"1500\" height=\"700\" src=\"https:\/\/cpas-ocmw1150.be\/wp-content\/uploads\/2023\/09\/CPAS.png\" alt=\"\" class=\"wp-image-2536\" srcset=\"https:\/\/cpas-ocmw1150.be\/wp-content\/uploads\/2023\/09\/CPAS.png 1500w, https:\/\/cpas-ocmw1150.be\/wp-content\/uploads\/2023\/09\/CPAS-180x84.png 180w, https:\/\/cpas-ocmw1150.be\/wp-content\/uploads\/2023\/09\/CPAS-1024x478.png 1024w, https:\/\/cpas-ocmw1150.be\/wp-content\/uploads\/2023\/09\/CPAS-80x37.png 80w, https:\/\/cpas-ocmw1150.be\/wp-content\/uploads\/2023\/09\/CPAS-768x358.png 768w\" sizes=\"(max-width: 1500px) 100vw, 1500px\" \/><\/figure>\n\n\n<p>L&rsquo;accueil de notre Centre Public de l&rsquo;Action Sociale est ouvert du lundi au vendredi de 8h30 \u00e0 12h et de 13h \u00e0 16h.<\/p>\n<p>Vous pouvez vous rendre \u00e9galement dans nos bureaux :<\/p>\n<ul>\n<li><strong>Pour les nouvelles demandes d&rsquo;aide sociale :<\/strong> de 9h00 \u00e0 11h30 (dernier RDV \u00e0 11h00), les lundi, mardi, jeudi et vendredi.<br \/><strong><span style=\"color: #ff0000;\"><em>! Pas de nouvelle demande le mercredi.<\/em><\/span><\/strong><\/li>\n<li><b>Pour la distribution de colis&nbsp;alimentaire :<\/b> de 13h \u00e0 15h30, du lundi au vendredi (octroi sous conditions)<\/li>\n<li><strong>Pour les r\u00e9quisitoires m\u00e9dicaux\/pharmaceutiques :<\/strong> de 8h30 \u00e0 11h, du lundi au vendredi.<\/li>\n<\/ul>\n<hr \/>\n<h4><span style=\"color: #ffcc00;\">COORDONN\u00c9ES :<\/span><\/h4>\n<p>Dr\u00e8ve des Shetlands 15<\/p>\n<p><i class=\"fa fa-phone-square \"><\/i>&nbsp;02 773 59 00<\/p>\n<p><i class=\"fa fa-fax \"><\/i>&nbsp;02 773 59 10<\/p>\n<hr \/>\n<h4><span style=\"color: #ffcc00;\">ACC\u00c8S :<\/span><\/h4>\n\n\n<iframe src=\"https:\/\/www.google.com\/maps\/embed?pb=!1m18!1m12!1m3!1d2520.087774434558!2d4.456841076097727!3d50.82953807166693!2m3!1f0!2f0!3f0!3m2!1i1024!2i768!4f13.1!3m3!1m2!1s0x47c3db9db4a09579%3A0xc3e3b05b8776fadc!2sDr%C3%A8ve%20des%20Shetlands%2C%201150%20Woluwe-Saint-Pierre!5e0!3m2!1sfr!2sbe!4v1689167095905!5m2!1sfr!2sbe\" width=\"400\" height=\"300\" style=\"border:0;\" allowfullscreen=\"\" loading=\"lazy\" referrerpolicy=\"no-referrer-when-downgrade\"><\/iframe>\n\n\n<hr \/>\n<p>Pour rejoindre nos autres services, nous vous invitons \u00e0 consulter notre page <a href=\"https:\/\/cpas-ocmw1150.be\/coordonnees-utiles\/\"><strong>Coordonn\u00e9es utiles,<\/strong>&nbsp;<\/a>qui contient toutes les informations n\u00e9cessaires.<\/p>\n<p><span style=\"color: #ffcc00;\"><strong>Fiches d&rsquo;accessibilit\u00e9 :<\/strong><\/span><\/p>\n<p><a href=\"https:\/\/cpas-ocmw1150.be\/wp-content\/uploads\/2025\/01\/241205_Fiche-daccessibilite_CPAS.pdf\" target=\"_blank\" rel=\"noopener\">CPAS<\/a>&nbsp; &#8211;&nbsp;&nbsp;<a href=\"https:\/\/cpas-ocmw1150.be\/wp-content\/uploads\/2025\/01\/250116_Fiche-daccessibilite_RRB.pdf\" target=\"_blank\" rel=\"noopener\">RRB<\/a>&nbsp; &#8211;&nbsp;&nbsp;<a href=\"https:\/\/cpas-ocmw1150.be\/wp-content\/uploads\/2025\/01\/250114_Fiche-daccessibilite_Ch-Thielemans.pdf\" target=\"_blank\" rel=\"noopener\">Ch Thielemans&nbsp;<\/a>&nbsp;&#8211;&nbsp;&nbsp;<a href=\"https:\/\/cpas-ocmw1150.be\/wp-content\/uploads\/2025\/01\/241231_Fiche-daccessibilite_Oase.pdf\" target=\"_blank\" rel=\"noopener\">Oase<\/a><\/p>","protected":false},"excerpt":{"rendered":"<p>&#8230;<\/p>\n","protected":false},"author":7,"featured_media":0,"parent":0,"menu_order":0,"comment_status":"closed","ping_status":"closed","template":"","meta":[],"_links":{"self":[{"href":"https:\/\/cpas-ocmw1150.be\/fr_FR\/wp-json\/wp\/v2\/pages\/1797"}],"collection":[{"href":"https:\/\/cpas-ocmw1150.be\/fr_FR\/wp-json\/wp\/v2\/pages"}],"about":[{"href":"https:\/\/cpas-ocmw1150.be\/fr_FR\/wp-json\/wp\/v2\/types\/page"}],"author":[{"embeddable":true,"href":"https:\/\/cpas-ocmw1150.be\/fr_FR\/wp-json\/wp\/v2\/users\/7"}],"replies":[{"embeddable":true,"href":"https:\/\/cpas-ocmw1150.be\/fr_FR\/wp-json\/wp\/v2\/comments?post=1797"}],"version-history":[{"count":53,"href":"https:\/\/cpas-ocmw1150.be\/fr_FR\/wp-json\/wp\/v2\/pages\/1797\/revisions"}],"predecessor-version":[{"id":3635,"href":"https:\/\/cpas-ocmw1150.be\/fr_FR\/wp-json\/wp\/v2\/pages\/1797\/revisions\/3635"}],"wp:attachment":[{"href":"https:\/\/cpas-ocmw1150.be\/fr_FR\/wp-json\/wp\/v2\/media?parent=1797"}],"curies":[{"name":"wp","href":"https:\/\/api.w.org\/{rel}","templated":true}]}}