{"id":2319,"date":"2023-10-10T10:19:03","date_gmt":"2023-10-10T09:19:03","guid":{"rendered":"https:\/\/cpas-ocmw1150.be\/?page_id=2319"},"modified":"2023-10-10T10:19:04","modified_gmt":"2023-10-10T09:19:04","slug":"mediation-de-dettes","status":"publish","type":"page","link":"https:\/\/cpas-ocmw1150.be\/fr_FR\/mediation-de-dettes\/","title":{"rendered":"M\u00e9diation de dettes"},"content":{"rendered":"\n<figure class=\"wp-block-image size-large\"><img decoding=\"async\" loading=\"lazy\" width=\"1024\" height=\"478\" src=\"https:\/\/cpas-ocmw1150.be\/wp-content\/uploads\/2023\/06\/CPAS-DETTE-1024x478.png\" alt=\"\" class=\"wp-image-2320\" srcset=\"https:\/\/cpas-ocmw1150.be\/wp-content\/uploads\/2023\/06\/CPAS-DETTE-1024x478.png 1024w, https:\/\/cpas-ocmw1150.be\/wp-content\/uploads\/2023\/06\/CPAS-DETTE-180x84.png 180w, https:\/\/cpas-ocmw1150.be\/wp-content\/uploads\/2023\/06\/CPAS-DETTE-80x37.png 80w, https:\/\/cpas-ocmw1150.be\/wp-content\/uploads\/2023\/06\/CPAS-DETTE-768x358.png 768w, https:\/\/cpas-ocmw1150.be\/wp-content\/uploads\/2023\/06\/CPAS-DETTE.png 1500w\" sizes=\"(max-width: 1024px) 100vw, 1024px\" \/><\/figure>\n\n\n<p>La m\u00e9diation de dettes est un service offert aux personnes confront\u00e9es \u00e0 des difficult\u00e9s financi\u00e8res et \u00e0 un endettement excessif.\u00a0 La M\u00e9diation de dettes fonctionne comme un processus de n\u00e9gociation et de r\u00e9solution de dettes entre les personnes endett\u00e9es et leurs cr\u00e9anciers.\u00a0 Le but principal est de trouver des solutions pratiques et \u00e9quitables pour rembourser les dettes.<\/p>\n<p>La M\u00e9diation de dettes est une solution possible lorsque vous rencontrez des difficult\u00e9s pour rembourser vos dettes.\u00a0 Elle peut \u00eatre utile dans les cas suivants\u00a0:<\/p>\n<ul>\n<li>Vous avez des dettes qui d\u00e9passent vos revenus<\/li>\n<li>Vous avez des dettes qui vous mettent en danger de perdre votre logement ou d\u2019autre services de base (eau, gaz, \u00e9lectricit\u00e9, \u2026)<\/li>\n<li>Vous avez des dettes qui vous causent du stress ou de l\u2019anxi\u00e9t\u00e9.<\/li>\n<\/ul>\n<h4><strong><span style=\"color: #ffcc00;\">Le fonctionnement :<\/span><\/strong><\/h4>\n<ol>\n<li><strong><em>Evaluation de la situation<\/em><\/strong>: Les personnes endett\u00e9es entrent en contact avec le m\u00e9diateur de dettes o\u00f9 leur situation financi\u00e8re est \u00e9valu\u00e9e. Une analyse budg\u00e9taire ainsi que l\u2019inventaire de dettes est \u00e9tablis.<\/li>\n<li><strong><em>N\u00e9gociation avec les cr\u00e9anciers\u00a0: <\/em><\/strong>Le m\u00e9diateur de dettes intervient pour n\u00e9gocier avec les cr\u00e9anciers afin d\u2019obtenir des modalit\u00e9s de paiement plus favorables tels que des plans de paiements \u00e9chelonn\u00e9s.<\/li>\n<li><strong><em>Elaboration d\u2019un plan de paiement<\/em><\/strong>: Un plan de remboursement personnalis\u00e9 est cr\u00e9e en fonction de la capacit\u00e9 financi\u00e8re de la personne endett\u00e9e.<\/li>\n<li><em><strong>Soutien \u00e0 l\u2019\u00e9laboration d\u2019une requ\u00eate en r\u00e8glement collectif de dettes\u00a0<\/strong><\/em>: Le service vous oriente et soutien concr\u00e8tement dans la proc\u00e9dure.<\/li>\n<li><strong><em>Suivi et soutien<\/em><\/strong>: tout au long du processus un soutien continu est offert pour aider \u00e0 surmonter les d\u00e9fis financiers impr\u00e9vus.<\/li>\n<\/ol>\n<h3><span style=\"color: #ffcc00;\"><strong>Les avantages de la m\u00e9diation de dettes :<\/strong><\/span><\/h3>\n<ul>\n<li>Elle permet un accompagnement en toute confidentialit\u00e9, gratuit et sans jugement.<\/li>\n<li>Elle permet de trouver une solution \u00e0 l\u2019amiable, ce qui \u00e9vite un recours \u00e0 la justice.<\/li>\n<li>Elle permet de n\u00e9gocier un plan de remboursement adapt\u00e9 \u00e0 votre situation financi\u00e8re.<\/li>\n<li>Elle peut vous aider \u00e0 sortir du surendettement et \u00e0 retrouver une situation financi\u00e8re stable.<\/li>\n<\/ul>\n<p>Le service de M\u00e9diation de dettes est destin\u00e9 \u00e0 toutes les personnes r\u00e9sidant sur la commune de Woluwe-Saint-Pierre.<\/p>\n<hr \/>\n<h2><span style=\"color: #ffcc00;\">Coordonn\u00e9es<\/span><\/h2>\n<p><span style=\"color: #ffcc00;\"><i class=\"fas fa-location-dot\"><\/i>\u00a0 <\/span>Avenue Charles Thielemans 44 &#8211; 1150 Woluwe-Saint-Pierre<br \/><span style=\"color: #ffcc00;\"><i class=\"fas fa-phone\"><\/i> <span style=\"color: #000000;\">04 90 47 70 72<\/span><br \/><\/span><span style=\"color: #ffcc00;\"><i class=\"fas fa-envelope\">\u00a0<\/i><\/span> <span style=\"color: #000000;\"><a style=\"color: #000000; text-decoration: underline;\" href=\"mailto:mediationdettes.cpas@woluwe1150.be\">mediationdettes.cpas@woluwe1150.be<\/a><\/span><\/p>","protected":false},"excerpt":{"rendered":"<p><!-- wp:image {\"id\":2320,\"sizeSlug\":\"large\",\"linkDestination\":\"none\"} --><\/p>\n<figure class=\"wp-block-image size-large\"><img decoding=\"async\" loading=\"lazy\" width=\"1024\" height=\"478\" src=\"https:\/\/cpas-ocmw1150.be\/wp-content\/uploads\/2023\/06\/CPAS-DETTE-1024x478.png\" alt=\"\" class=\"wp-image-2320\" srcset=\"https:\/\/cpas-ocmw1150.be\/wp-content\/uploads\/2023\/06\/CPAS-DETTE-1024x478.png 1024w, https:\/\/cpas-ocmw1150.be\/wp-content\/uploads\/2023\/06\/CPAS-DETTE-180x84.png 180w, https:\/\/cpas-ocmw1150.be\/wp-content\/uploads\/2023\/06\/CPAS-DETTE-80x37.png 80w, https:\/\/cpas-ocmw1150.be\/wp-content\/uploads\/2023\/06\/CPAS-DETTE-768x358.png 768w, https:\/\/cpas-ocmw1150.be\/wp-content\/uploads\/2023\/06\/CPAS-DETTE.png 1500w\" sizes=\"(max-width: 1024px) 100vw, 1024px\" \/><\/figure>\n<p><!-- \/w...\n<\/p>\n","protected":false},"author":7,"featured_media":0,"parent":0,"menu_order":0,"comment_status":"closed","ping_status":"closed","template":"","meta":[],"_links":{"self":[{"href":"https:\/\/cpas-ocmw1150.be\/fr_FR\/wp-json\/wp\/v2\/pages\/2319"}],"collection":[{"href":"https:\/\/cpas-ocmw1150.be\/fr_FR\/wp-json\/wp\/v2\/pages"}],"about":[{"href":"https:\/\/cpas-ocmw1150.be\/fr_FR\/wp-json\/wp\/v2\/types\/page"}],"author":[{"embeddable":true,"href":"https:\/\/cpas-ocmw1150.be\/fr_FR\/wp-json\/wp\/v2\/users\/7"}],"replies":[{"embeddable":true,"href":"https:\/\/cpas-ocmw1150.be\/fr_FR\/wp-json\/wp\/v2\/comments?post=2319"}],"version-history":[{"count":12,"href":"https:\/\/cpas-ocmw1150.be\/fr_FR\/wp-json\/wp\/v2\/pages\/2319\/revisions"}],"predecessor-version":[{"id":2633,"href":"https:\/\/cpas-ocmw1150.be\/fr_FR\/wp-json\/wp\/v2\/pages\/2319\/revisions\/2633"}],"wp:attachment":[{"href":"https:\/\/cpas-ocmw1150.be\/fr_FR\/wp-json\/wp\/v2\/media?parent=2319"}],"curies":[{"name":"wp","href":"https:\/\/api.w.org\/{rel}","templated":true}]}}