{"id":3482,"date":"2025-10-08T12:25:35","date_gmt":"2025-10-08T11:25:35","guid":{"rendered":"https:\/\/cpas-ocmw1150.be\/?page_id=3482"},"modified":"2025-10-09T12:50:13","modified_gmt":"2025-10-09T11:50:13","slug":"hervorming-van-de-werkloosheid","status":"publish","type":"page","link":"https:\/\/cpas-ocmw1150.be\/fr_FR\/hervorming-van-de-werkloosheid\/","title":{"rendered":"R\u00e9forme ch\u00f4mage"},"content":{"rendered":"\n<p class=\"has-vivid-cyan-blue-color has-text-color has-medium-font-size\" style=\"font-style:normal;font-weight:700;text-transform:uppercase\"><strong>Perte du droit aux allocations de ch\u00f4mage ?<\/strong><br \/><strong>Le CPAS de Woluwe-Saint-Pierre est \u00e0 vos c\u00f4t\u00e9s<\/strong><\/p>\n\n\n\n<p>\u00c0 partir du 01\/01\/26, une r\u00e9forme f\u00e9d\u00e9rale du ch\u00f4mage viendra modifier en profondeur le syst\u00e8me d\u2019allocations. De nombreuses personnes risquent de voir leurs droits s\u2019arr\u00eater \u00e0 partir du 31\/12\/25.<\/p>\n\n\n\n<p>Certaines ont d\u00e9j\u00e0 re\u00e7u un courrier de l\u2019Office national de l\u2019emploi (ONEM) annon\u00e7ant que leurs droits prendront fin \u00e0 partir de cette date.<\/p>\n\n\n\n<p>Face \u00e0 cette situation, le CPAS de Woluwe-Saint-Pierre se mobilise pour informer et accompagner les habitants susceptibles d\u2019\u00eatre concern\u00e9s.<\/p>\n\n\n\n<p><i class=\"fas fa-arrow-right\"><\/i><strong>&nbsp;Notez qu\u2019aucune d\u00e9marche aupr\u00e8s du CPAS ne doit \u00eatre entreprise avant le 1<sup>er<\/sup> janvier 2026&nbsp;!<\/strong><\/p>\n\n\n\n<p class=\"has-vivid-cyan-blue-color has-text-color has-medium-font-size\" style=\"text-transform:uppercase\"><strong>Une brochure explicative<\/strong><\/p>\n\n\n\n<p>Le CPAS a \u00e9labor\u00e9 une brochure claire et accessible pour vous aider \u00e0 comprendre les changements. On y retrouve les diff\u00e9rentes formes d\u2019aides ponctuelles ainsi que la proc\u00e9dure \u00e0 suivre pour les obtenir.<\/p>\n\n\n\n<p>En effet, au-del\u00e0 de l\u2019aide financi\u00e8re, le CPAS propose un suivi adapt\u00e9 \u00e0 chaque situation : soutien administratif, aide \u00e0 la recherche d\u2019emploi, suivi au niveau de la m\u00e9diation de dettes, aide et conseils en mati\u00e8re d\u2019\u00e9nergie, accompagnement dans la recherche d\u2019un logement etc.<\/p>\n\n\n\n<p class=\"has-vivid-cyan-blue-color has-text-color has-medium-font-size\" style=\"text-transform:uppercase\"><strong>Des s\u00e9ances d\u2019information pr\u00e8s de chez vous<\/strong><\/p>\n\n\n\n<p>Pour compl\u00e9ter cette brochure, plusieurs s\u00e9ances d\u2019information seront organis\u00e9es. Elles permettront aux habitants de poser leurs questions et d\u2019\u00e9changer avec les travailleurs sociaux du CPAS&nbsp;:<\/p>\n\n\n\n<ul>\n<li><strong>Centre culturel W:Halll <\/strong>(avenue Ch. Thielemans 93) : mercredi 5 novembre de 9h \u00e0 12h.<\/li>\n\n\n\n<li><strong>Centre communautaire du Chant d\u2019Oiseau<\/strong> (avenue du Chant d\u2019Oiseau 40) : jeudi 13 novembre de 13h \u00e0 16h.<\/li>\n\n\n\n<li><strong>\u00c9cole des devoirs de P.A.J.<\/strong> (rue de l\u2019Eglise 82B) : jeudi 27 novembre de 9h \u00e0 12h.<\/li>\n\n\n\n<li><strong>Salle ARA <\/strong>(rue de la Limite 48)&nbsp;: mercredi 3 d\u00e9cembre de 13h \u00e0 16h.<\/li>\n\n\n\n<li><strong>Fraternit\u00e9s du Bon Pasteur (rue au Bois 365B) <\/strong>: mardi 9 d\u00e9cembre de 09 \u00e0 12h.<\/li>\n<\/ul>\n\n\n\n<p><strong>L\u2019objectif est clair<\/strong> : apporter une r\u00e9ponse concr\u00e8te et personnalis\u00e9e \u00e0 chaque parcours de vie.<\/p>\n\n\n\n<p>Pour toute question, le CPAS de Woluwe-Saint-Pierre reste \u00e0 votre \u00e9coute et se tient pr\u00eat \u00e0 vous accompagner d\u00e8s janvier 2026.<\/p>\n\n\n\n<figure class=\"wp-block-image size-large\"><a href=\"https:\/\/cpas-ocmw1150.be\/wp-content\/uploads\/2025\/10\/Brochure_CPAS_de_Woluwe-Saint-Pierre.pdf\" target=\"_blank\" rel=\"noreferrer noopener\"><img decoding=\"async\" loading=\"lazy\" width=\"577\" height=\"1024\" src=\"https:\/\/cpas-ocmw1150.be\/wp-content\/uploads\/2025\/10\/Chomage-577x1024.jpg\" alt=\"\" class=\"wp-image-3551\" srcset=\"https:\/\/cpas-ocmw1150.be\/wp-content\/uploads\/2025\/10\/Chomage-577x1024.jpg 577w, https:\/\/cpas-ocmw1150.be\/wp-content\/uploads\/2025\/10\/Chomage-102x180.jpg 102w, https:\/\/cpas-ocmw1150.be\/wp-content\/uploads\/2025\/10\/Chomage-56x100.jpg 56w, https:\/\/cpas-ocmw1150.be\/wp-content\/uploads\/2025\/10\/Chomage.jpg 679w\" sizes=\"(max-width: 577px) 100vw, 577px\" \/><\/a><\/figure>\n\n\n\n<p><\/p>\n","protected":false},"excerpt":{"rendered":"<p><!-- wp:paragraph {\"style\":{\"typography\":{\"textTransform\":\"uppercase\",\"fontStyle\":\"normal\",\"fontWeight\":\"700\"}},\"textColor\":\"vivid-cyan-blue\",\"fontSize\":\"medium\"} --><\/p>\n<p class=\"has-vivid-cyan-blue-color has-text-color has-medium-font-size\" style=\"fon... \n\n","protected":false},"author":2,"featured_media":0,"parent":0,"menu_order":0,"comment_status":"closed","ping_status":"closed","template":"","meta":[],"_links":{"self":[{"href":"https:\/\/cpas-ocmw1150.be\/fr_FR\/wp-json\/wp\/v2\/pages\/3482"}],"collection":[{"href":"https:\/\/cpas-ocmw1150.be\/fr_FR\/wp-json\/wp\/v2\/pages"}],"about":[{"href":"https:\/\/cpas-ocmw1150.be\/fr_FR\/wp-json\/wp\/v2\/types\/page"}],"author":[{"embeddable":true,"href":"https:\/\/cpas-ocmw1150.be\/fr_FR\/wp-json\/wp\/v2\/users\/2"}],"replies":[{"embeddable":true,"href":"https:\/\/cpas-ocmw1150.be\/fr_FR\/wp-json\/wp\/v2\/comments?post=3482"}],"version-history":[{"count":23,"href":"https:\/\/cpas-ocmw1150.be\/fr_FR\/wp-json\/wp\/v2\/pages\/3482\/revisions"}],"predecessor-version":[{"id":3556,"href":"https:\/\/cpas-ocmw1150.be\/fr_FR\/wp-json\/wp\/v2\/pages\/3482\/revisions\/3556"}],"wp:attachment":[{"href":"https:\/\/cpas-ocmw1150.be\/fr_FR\/wp-json\/wp\/v2\/media?parent=3482"}],"curies":[{"name":"wp","href":"https:\/\/api.w.org\/{rel}","templated":true}]}}