{"id":45,"date":"2015-03-28T19:46:57","date_gmt":"2015-03-28T18:46:57","guid":{"rendered":"http:\/\/wp.cpas-ocmw1150.be\/?page_id=45"},"modified":"2026-03-10T15:39:01","modified_gmt":"2026-03-10T14:39:01","slug":"action-sociale-service-social","status":"publish","type":"page","link":"https:\/\/cpas-ocmw1150.be\/fr_FR\/action-sociale-service-social\/","title":{"rendered":"Le Service social g\u00e9n\u00e9ral"},"content":{"rendered":"\n<figure class=\"wp-block-image size-large\"><img decoding=\"async\" loading=\"lazy\" width=\"1024\" height=\"478\" src=\"https:\/\/cpas-ocmw1150.be\/wp-content\/uploads\/2023\/06\/CPAS-social-1024x478.png\" alt=\"services sociales du CPAS\" class=\"wp-image-2276\" srcset=\"https:\/\/cpas-ocmw1150.be\/wp-content\/uploads\/2023\/06\/CPAS-social-1024x478.png 1024w, https:\/\/cpas-ocmw1150.be\/wp-content\/uploads\/2023\/06\/CPAS-social-180x84.png 180w, https:\/\/cpas-ocmw1150.be\/wp-content\/uploads\/2023\/06\/CPAS-social-80x37.png 80w, https:\/\/cpas-ocmw1150.be\/wp-content\/uploads\/2023\/06\/CPAS-social-768x358.png 768w, https:\/\/cpas-ocmw1150.be\/wp-content\/uploads\/2023\/06\/CPAS-social.png 1500w\" sizes=\"(max-width: 1024px) 100vw, 1024px\" \/><\/figure>\n\n\n<h2><span style=\"color: #ffcc00;\">Le Service Social de premi\u00e8re ligne<\/span><\/h2>\n<p style=\"text-align: justify;\">Toute personne r\u00e9sidant sur le territoire de la commune peut b\u00e9n\u00e9ficier de l\u2019aide du CPAS afin de mener une vie conforme \u00e0 la dignit\u00e9 humaine. Pour autant qu\u2019elle rel\u00e8ve de la comp\u00e9tence du CPAS en vertu de la loi du 2 avril 1965 relative \u00e0 la prise en charge des secours accord\u00e9s par les CPAS et que l\u2019enqu\u00eate sociale aboutisse \u00e0 une d\u00e9cision favorable de la part du Comit\u00e9 sp\u00e9cial du service social.<\/p>\n<p>Dans cette perspective, le CPAS accompagne les personnes aid\u00e9es dans leur int\u00e9gration sociale et professionnelle.<\/p>\n<p>Pour b\u00e9n\u00e9ficier du droit \u00e0 l\u2019int\u00e9gration sociale, il faut :<\/p>\n<ul>\n<li>relever de la comp\u00e9tence du CPAS<\/li>\n<li>\u00eatre majeur<\/li>\n<li>\u00eatre belge ou inscrit au registre de la population<\/li>\n<li>ne pas disposer de ressources suffisantes<\/li>\n<li>\u00eatre dispos\u00e9 \u00e0 travailler \u00e0 moins que des motifs de sant\u00e9 ou d\u2019\u00e9quit\u00e9 l\u2019en emp\u00eache<\/li>\n<\/ul>\n<p style=\"text-align: justify;\">Mais, via une aide sociale \u00e9quivalente au revenu d\u2019int\u00e9gration, le CPAS peut aussi aider les personnes qui ne r\u00e9pondent pas \u00e0 toutes les conditions impos\u00e9es par la loi concernant l\u2019int\u00e9gration sociale. Il s\u2019agit principalement :<\/p>\n<ul>\n<li style=\"text-align: justify;\">de demandeurs d\u2019asile politique (qui sont envoy\u00e9s vers notre CPAS par l\u2019office des \u00e9trangers)<\/li>\n<li style=\"text-align: justify;\">d\u2019\u00e9trangers qui ne sont pas inscrits au registre de la population<\/li>\n<li style=\"text-align: justify;\">de personnes en situation irr\u00e9guli\u00e8re ou ill\u00e9gale sur le territoire<\/li>\n<\/ul>\n<h2><span style=\"color: #ffcc00;\">Autres aides possibles&nbsp;<\/span><\/h2>\n<p style=\"text-align: justify;\">Outre le revenu d\u2019int\u00e9gration ou l\u2019aide sociale \u00e9quivalente, le service social peut \u00e9galement aider les b\u00e9n\u00e9ficiaires sur le plan m\u00e9dical et pharmaceutique, proposer une guidance psychologique, contribuer \u00e0 l\u2019\u00e9panouissement social, culturel et sportif des membres du m\u00e9nage, accorder une aide en mati\u00e8re alimentaire, d\u2019\u00e9nergie ou de logement, etc.<\/p>\n<p style=\"text-align: justify;\">Avant chaque octroi d\u2019aide, le CPAS analyse la situation du demandeur d\u2019aide au travers d\u2019une enqu\u00eate sociale. Il <span style=\"font-size: revert; text-align: justify; color: initial;\">\u00e9tablit un bilan sociale, construit avec lui un projet d\u2019int\u00e9gration et consigne le tout dans un rapport social. Le projet individualis\u00e9 d\u2019int\u00e9gration sociale est n\u00e9goci\u00e9 et sign\u00e9 par le b\u00e9n\u00e9ficiaire de l\u2019aide et le CPAS, voir d\u2019autres partenaires impliqu\u00e9s dans le parcours d\u2019int\u00e9gration.<\/span><\/p>\n<p style=\"text-align: justify;\">Les assistants sociaux aident \u00e9galement les personnes \u00e0 se remettre en ordre d\u2019un point de vue administratif (affiliation \u00e0 une mutuelle ou \u00e0 une caisse d\u2019allocations familiales,\u2026).<\/p>\n<p>Pour ce qui est de l\u2019aide au logement, nous vous invitons \u00e0 consulter notre page <span style=\"color: #ffcc00;\"><a style=\"color: #ffcc00;\" href=\"https:\/\/cpas-ocmw1150.be\/aide-au-logement-cellule-woondienst\/\">Cellule Logement<\/a><\/span>.<\/p>\n<p style=\"text-align: justify;\">Le CPAS analyse chaque situation de mani\u00e8re individuelle et statue au travers d\u2019un acte administratif motiv\u00e9 en droit et en fait, et dans le strict respect du secret professionnel.<\/p>\n<hr \/>\n<h2 class=\"txt_petit\"><span style=\"color: #ffcc00;\">COORDONN\u00c9ES<\/span><\/h2>\n<p>Service social du CPAS<br \/><span style=\"color: #ffcc00;\"><i class=\"fas fa-phone-square\"><\/i><\/span> 02 773 59 00<br \/><span style=\"color: #ffcc00;\"><i class=\"fas fa-fax\"><\/i><\/span> 02 773 59 10<br \/><span style=\"color: #ffcc00;\"><i class=\"fas fa-envelope\"><\/i><\/span> <a href=\"mailto:servicesocial.cpas@woluwe1150.be\">servicesocial.cpas@woluwe1150.be<\/a><br \/>Responsable : Jocelyne Musabwasoni<br \/><span style=\"color: #ffcc00;\"><i class=\"fas fa-phone-square\"><\/i><\/span> 02 773 59 22<\/p>","protected":false},"excerpt":{"rendered":"<p><img decoding=\"async\" loading=\"lazy\" class=\"aligncenter wp-image-378\" src=\"http:\/\/wp.cpas-ocmw1150.be\/wp-content\/uploads\/2016\/10\/fotolia_99481530-e1477645828775-300x100.jpg\" alt=\"fotolia_99481530\" width=\"820\" height=\"274\" srcset=\"https:\/\/cpas-ocmw1150.be\/wp-content\/uploads\/2016\/10\/fotolia_99481530-e1477645828775-300x100.jpg 300w, https:\/\/cpas-ocmw1150.be\/wp-content\/uploads\/2016\/10\/fotolia_99481530-e1477645828775-80x27.jpg 80w, https:\/\/cpas-ocmw1150.be\/wp-content\/uploads\/2016\/10\/fotolia_99481530-e1477645828775.jpg 500w\" sizes=\"(max-width: 820px) 100vw, 820px\" \/><\/p>\n<h2>De sociale dienst<\/h2>\n<p class=\"txt\" align=\"justif... \n\n","protected":false},"author":2,"featured_media":2276,"parent":0,"menu_order":1,"comment_status":"closed","ping_status":"closed","template":"","meta":[],"_links":{"self":[{"href":"https:\/\/cpas-ocmw1150.be\/fr_FR\/wp-json\/wp\/v2\/pages\/45"}],"collection":[{"href":"https:\/\/cpas-ocmw1150.be\/fr_FR\/wp-json\/wp\/v2\/pages"}],"about":[{"href":"https:\/\/cpas-ocmw1150.be\/fr_FR\/wp-json\/wp\/v2\/types\/page"}],"author":[{"embeddable":true,"href":"https:\/\/cpas-ocmw1150.be\/fr_FR\/wp-json\/wp\/v2\/users\/2"}],"replies":[{"embeddable":true,"href":"https:\/\/cpas-ocmw1150.be\/fr_FR\/wp-json\/wp\/v2\/comments?post=45"}],"version-history":[{"count":57,"href":"https:\/\/cpas-ocmw1150.be\/fr_FR\/wp-json\/wp\/v2\/pages\/45\/revisions"}],"predecessor-version":[{"id":3666,"href":"https:\/\/cpas-ocmw1150.be\/fr_FR\/wp-json\/wp\/v2\/pages\/45\/revisions\/3666"}],"wp:featuredmedia":[{"embeddable":true,"href":"https:\/\/cpas-ocmw1150.be\/fr_FR\/wp-json\/wp\/v2\/media\/2276"}],"wp:attachment":[{"href":"https:\/\/cpas-ocmw1150.be\/fr_FR\/wp-json\/wp\/v2\/media?parent=45"}],"curies":[{"name":"wp","href":"https:\/\/api.w.org\/{rel}","templated":true}]}}