{"id":460,"date":"2023-06-29T08:12:54","date_gmt":"2023-06-29T07:12:54","guid":{"rendered":"http:\/\/wp.cpas-ocmw1150.be\/?page_id=460"},"modified":"2026-03-24T13:52:31","modified_gmt":"2026-03-24T12:52:31","slug":"coordonnees-utiles-nuttige-gegevens","status":"publish","type":"page","link":"https:\/\/cpas-ocmw1150.be\/fr_FR\/coordonnees-utiles-nuttige-gegevens\/","title":{"rendered":"Coordonn\u00e9es utiles"},"content":{"rendered":"\n<figure class=\"wp-block-image\"><img decoding=\"async\" loading=\"lazy\" width=\"1500\" height=\"700\" src=\"https:\/\/cpas-ocmw1150.be\/wp-content\/uploads\/2023\/06\/CPAS-COORDONEES.png\" alt=\"Coordonn\u00e9es du CPAS\" class=\"wp-image-2350\" srcset=\"https:\/\/cpas-ocmw1150.be\/wp-content\/uploads\/2023\/06\/CPAS-COORDONEES.png 1500w, https:\/\/cpas-ocmw1150.be\/wp-content\/uploads\/2023\/06\/CPAS-COORDONEES-180x84.png 180w, https:\/\/cpas-ocmw1150.be\/wp-content\/uploads\/2023\/06\/CPAS-COORDONEES-1024x478.png 1024w, https:\/\/cpas-ocmw1150.be\/wp-content\/uploads\/2023\/06\/CPAS-COORDONEES-80x37.png 80w, https:\/\/cpas-ocmw1150.be\/wp-content\/uploads\/2023\/06\/CPAS-COORDONEES-768x358.png 768w\" sizes=\"(max-width: 1500px) 100vw, 1500px\" \/><\/figure>\n\n\n\n<figure class=\"wp-block-table\"><table class=\"has-fixed-layout\"><tbody><tr><td><strong>CPAS<\/strong><br \/>Dr\u00e8ve des Shetlands 15<br \/>1150 Woluwe-Saint-Pierre<br \/><i class=\"fas fa-phone-square\"><\/i> 02 773 59 00<\/td><td><strong>Pr\u00e9sidente<\/strong><br \/>Muriel Godhaird-Sterckx<br \/><i class=\"fas fa-phone-square\"><\/i> 0490 32 65 67<br \/><i class=\"fas fa-envelope\"><\/i>&nbsp;<a href=\"mailto:mgodhaird@woluwe1150.be\">Email<\/a><\/td><td><strong>Secr\u00e9taire g\u00e9n\u00e9ral<\/strong><br \/>Vincent Charles<br \/><i class=\"fas fa-phone-square\"><\/i> 02 773 59 40<br \/><i class=\"fas fa-envelope\"><\/i>&nbsp;<a href=\"mailto: vcharles@woluwe1150.be\">Email<\/a><\/td><\/tr><tr><td><strong>Service Social G\u00e9n\u00e9ral<\/strong><br \/><i class=\"fas fa-phone-square\"><\/i> 02 773 59 00<br \/><i class=\"fas fa-envelope\"><\/i>&nbsp;<a href=\"mailto:servicesocial.cpas@woluwe1150.be\">Email&nbsp;&nbsp;&nbsp;&nbsp;&nbsp;&nbsp;&nbsp;&nbsp;&nbsp;&nbsp;<\/a><br \/>Jocelyne Musabwasoni&nbsp; &nbsp;<br \/><i class=\"fas fa-phone-square\"><\/i> 02 773 59 22<\/td><td><strong>Service d&rsquo;Insertion<br \/>Socio-Professionnelle<\/strong><br \/>Nathalie Dewilde<br \/><i class=\"fas fa-phone-square\"><\/i> 02 235 20 71<br \/><i class=\"fas fa-envelope\"><\/i>&nbsp;<a href=\"reinsertion.cpas@woluwe1150.be\">Email<\/a><\/td><td><strong>Services Techniques<br \/>et du Patrimoine<\/strong><br \/>Adalbert de Rosen<br \/><i class=\"fas fa-phone-square\"><\/i> 02 773 58 67<br \/><i class=\"fas fa-envelope\"><\/i>&nbsp;<a href=\"mailto:technique.cpas@woluwe1150.be;%20aderosen@woluwe1150.be?subject=\">Email<\/a><br \/>&nbsp;<\/td><\/tr><tr><td><strong>Service de la recette<\/strong><br \/>Nathalie Peltyn<br \/>Directeur financier&nbsp; &nbsp; &nbsp; &nbsp; &nbsp; &nbsp;<br \/><i class=\"fas fa-phone-square\"><\/i> 02 773 59 05<br \/><i class=\"fas fa-envelope\"><\/i>&nbsp;<a href=\"mailto:npeltyn@woluwe1150.be\">Email<\/a><\/td><td><strong>Service de gestion<\/strong><br \/><strong>des ressources humaines<\/strong><br \/>Isabelle Houtain<br \/><i class=\"fas fa-phone-square\"><\/i> 02 773 59 44<br \/><i class=\"fas fa-envelope\"><\/i>&nbsp;<a href=\"mailto:ihoutain@woluwe1150.be\">Email<\/a><\/td><td><strong>Service Juridique interne<\/strong><br \/>Sylvie de Wilde d\u2019Estmael<br \/><i class=\"fas fa-phone-square\"><\/i> 02 773 59 17<br \/><i class=\"fas fa-envelope\"><\/i>&nbsp;<a href=\"juridique.cpas@woluwe1150.be\">Email<\/a><\/td><\/tr><tr><td><a href=\"http:\/\/cpas-ocmw1150.be\/services-d-aide-aux-familles\/\"><strong>Service d\u2019aide aux familles<\/strong><\/a><br \/>Val des Epinettes 25<br \/>Gamze Kurtulus<br \/><i class=\"fas fa-phone-square\"><\/i> 02 778 11 60 ou 62<br \/><i class=\"fas fa-envelope\"><\/i>&nbsp;<a href=\"mailto:servicesdomicile.cpas@woluwe1150.be\">Email<\/a><\/td><td><a href=\"http:\/\/cpas-ocmw1150.be\/accompagnement-des-seniors\/#CDJ\"><strong>Centre de soins de jour<\/strong><\/a><br \/>Dr\u00e8ve du Bonheur 15<br \/>L\u00e9o Serneels<br \/><i class=\"fas fa-phone-square\"><\/i> 02 675 42 03<br \/><i class=\"fas fa-envelope\"><\/i>&nbsp;<a href=\"mailto:centredejour@woluwe1150.be\">Email<\/a><\/td><td><a href=\"http:\/\/cpas-ocmw1150.be\/accompagnement-des-seniors\/\"><strong>R\u00e9sidence Roi Baudouin<\/strong><\/a><br \/>2 Clos des Chasseurs<br \/>Murielle Carels<br \/><i class=\"fas fa-phone-square\"><\/i> 02 773 57 11<br \/><i class=\"fas fa-envelope\"><\/i>&nbsp;<a href=\"mailto:rrb.cpas@woluwe1150.be\">Email<\/a><\/td><\/tr><tr><td><a href=\"http:\/\/cpas-ocmw1150.be\/accompagnement-des-seniors\/#VAL\"><strong>R\u00e9sidence Val des Epinettes<\/strong><\/a><br \/>40 Val des Epinettes<br \/><i class=\"fas fa-phone-square\"><\/i> 02 773 57 11<br \/><i class=\"fas fa-fax\"><\/i> 02 773 58 90<\/td><td><strong>Le Coup de Pouce de W.S.P.<\/strong><br \/>Av. Charles Thielemans, 44<br \/>Christian Vrient<br \/><i class=\"fas fa-phone-square\"><\/i>&nbsp; 02 762 66 49<br \/><i class=\"fas fa-envelope\"><\/i>&nbsp;<a href=\"mailto:cdpwsp@outlook.com\">Email<\/a><\/td><td><strong>Coordination Sociale de<\/strong><br \/><strong>Woluwe-Saint-Pierre<\/strong><br \/><i class=\"fas fa-phone-square\"><\/i> 02 235 26 28<br \/><a href=\"http:\/\/www.info1150.be\/\">www.info1150.be<\/a><\/td><\/tr><tr><td><\/td><td><strong>Administration communale<\/strong><br \/>de Woluwe-Saint-Pierre<br \/>Avenue Charles Thielemans 93<br \/><i class=\"fas fa-phone-square\"><\/i> 02 773 05 11<br \/><a href=\"http:\/\/www.woluwe1150.be\/\">www.woluwe1150.be<\/a><\/td><td><\/td><\/tr><\/tbody><\/table><\/figure>\n","protected":false},"excerpt":{"rendered":"<p>&#8230;<\/p>\n","protected":false},"author":7,"featured_media":0,"parent":0,"menu_order":0,"comment_status":"closed","ping_status":"closed","template":"","meta":[],"_links":{"self":[{"href":"https:\/\/cpas-ocmw1150.be\/fr_FR\/wp-json\/wp\/v2\/pages\/460"}],"collection":[{"href":"https:\/\/cpas-ocmw1150.be\/fr_FR\/wp-json\/wp\/v2\/pages"}],"about":[{"href":"https:\/\/cpas-ocmw1150.be\/fr_FR\/wp-json\/wp\/v2\/types\/page"}],"author":[{"embeddable":true,"href":"https:\/\/cpas-ocmw1150.be\/fr_FR\/wp-json\/wp\/v2\/users\/7"}],"replies":[{"embeddable":true,"href":"https:\/\/cpas-ocmw1150.be\/fr_FR\/wp-json\/wp\/v2\/comments?post=460"}],"version-history":[{"count":627,"href":"https:\/\/cpas-ocmw1150.be\/fr_FR\/wp-json\/wp\/v2\/pages\/460\/revisions"}],"predecessor-version":[{"id":3719,"href":"https:\/\/cpas-ocmw1150.be\/fr_FR\/wp-json\/wp\/v2\/pages\/460\/revisions\/3719"}],"wp:attachment":[{"href":"https:\/\/cpas-ocmw1150.be\/fr_FR\/wp-json\/wp\/v2\/media?parent=460"}],"curies":[{"name":"wp","href":"https:\/\/api.w.org\/{rel}","templated":true}]}}