{"id":48,"date":"2023-06-27T10:41:55","date_gmt":"2023-06-27T09:41:55","guid":{"rendered":"http:\/\/wp.cpas-ocmw1150.be\/?page_id=48"},"modified":"2025-11-25T15:47:51","modified_gmt":"2025-11-25T14:47:51","slug":"aide-au-logement-cellule-woondienst","status":"publish","type":"page","link":"https:\/\/cpas-ocmw1150.be\/fr_FR\/aide-au-logement-cellule-woondienst\/","title":{"rendered":"Service du Logement"},"content":{"rendered":"\n<figure class=\"wp-block-image size-large\"><img decoding=\"async\" loading=\"lazy\" width=\"1024\" height=\"478\" src=\"https:\/\/cpas-ocmw1150.be\/wp-content\/uploads\/2023\/06\/CPAS-logement-1024x478.png\" alt=\"cellule logement - woondienst\" class=\"wp-image-2278\" srcset=\"https:\/\/cpas-ocmw1150.be\/wp-content\/uploads\/2023\/06\/CPAS-logement-1024x478.png 1024w, https:\/\/cpas-ocmw1150.be\/wp-content\/uploads\/2023\/06\/CPAS-logement-180x84.png 180w, https:\/\/cpas-ocmw1150.be\/wp-content\/uploads\/2023\/06\/CPAS-logement-80x37.png 80w, https:\/\/cpas-ocmw1150.be\/wp-content\/uploads\/2023\/06\/CPAS-logement-768x358.png 768w, https:\/\/cpas-ocmw1150.be\/wp-content\/uploads\/2023\/06\/CPAS-logement.png 1500w\" sizes=\"(max-width: 1024px) 100vw, 1024px\" \/><\/figure>\n\n\n<h2><span style=\"color: #ffcc00;\">Pr\u00e9sentation g\u00e9n\u00e9rale du Service du Logement<\/span><\/h2>\n<p>Le service du logement a pour mission de fournir des informations pr\u00e9cises sur les droits et devoirs des locataires et des propri\u00e9taires, ainsi que sur les diff\u00e9rents dispositifs d&rsquo;aide au logement auxquels les personnes en difficult\u00e9 \u00e0 Woluwe-Saint-Pierre peuvent pr\u00e9tendre.<\/p>\n<p>Nos collaborateurs accompagnent les personnes en difficult\u00e9 dans leur recherche de logement adapt\u00e9 \u00e0 leur situation financi\u00e8re et familiale. Ils contactent \u00e9galement les propri\u00e9taires pour obtenir des accords de sous-location afin d&rsquo;\u00e9largir l&rsquo;offre de logements d&rsquo;urgence.<\/p>\n<p>Nous accordons la priorit\u00e9 \u00e0 intervenir lorsque :<\/p>\n<ul>\n<li>Vous \u00eates sans abri<\/li>\n<li>Vous risquez une expulsion par d\u00e9cision judiciaire<\/li>\n<li>Vous \u00eates dans une situation de logement pr\u00e9caire<\/li>\n<\/ul>\n<p>Pour b\u00e9n\u00e9ficier de notre accompagnement, il est n\u00e9cessaire d&rsquo;\u00eatre orient\u00e9 par un travailleur social d&rsquo;un service du D\u00e9partement de l&rsquo;Action Sociale du CPAS ou du Service Social de la Commune.<\/p>\n<p>Le service du logement de Woluwe-Saint-Pierre fonctionne uniquement sur rendez-vous. Cette approche nous permet de vous offrir un soutien personnalis\u00e9 et de consacrer suffisamment de temps \u00e0 chaque personne.<\/p>\n<h2><span style=\"color: #ffcc00;\">Coordonn\u00e9es<\/span><\/h2>\n<p><span style=\"color: #ffcc00;\"><i class=\"fas fa-location-dot\"><\/i>&nbsp;<span style=\"color: #000000;\">Val des Epinettes, 25 \u2013 1150 Woluwe-Saint-Pierre<\/span><\/span><br \/><span style=\"color: #ffcc00;\"><i class=\"fas fa-phone\"><\/i> <span style=\"color: #000000;\">02\/773 59 64 ou&nbsp; 65<\/span><em><br \/><\/em><i class=\"fas fa-phone\"><\/i> <span style=\"color: #000000;\">0490\/14 26 12<\/span><em><br \/><\/em><i class=\"fas fa-envelope\"><\/i><\/span><a class=\"OYPEnA text-decoration-none text-strikethrough-none\" draggable=\"false\" href=\"mailto:logement.cpas@woluwe1150.be\" target=\"_blank\" rel=\"noopener\">&nbsp;<span style=\"color: #000000;\">logement.cpas@woluwe1150.be<\/span><\/a><\/p>\n<hr \/>\n<p>Pour toute question suppl\u00e9mentaire ou demande concernant l&rsquo;aide sociale, nous vous invitons \u00e0 consulter notre page : <a href=\"https:\/\/cpas-ocmw1150.be\/nl_NL\/action-sociale-et-emploi\/\"><strong><span style=\"color: #ffcc00;\">Action Sociale<\/span><\/strong><\/a>.<\/p>","protected":false},"excerpt":{"rendered":"<p><!-- wp:image {\"id\":2278,\"sizeSlug\":\"large\",\"linkDestination\":\"none\"} --><\/p>\n<figure class=\"wp-block-image size-large\"><img decoding=\"async\" src=\"https:\/\/cpas-ocmw1150.be\/wp-content\/uploads\/2023\/06\/CPAS-logement-1024x478.png\" alt=\"cellule logement - woondienst\" class=\"w...\n<\/p>\n","protected":false},"author":7,"featured_media":2278,"parent":0,"menu_order":0,"comment_status":"closed","ping_status":"closed","template":"","meta":[],"_links":{"self":[{"href":"https:\/\/cpas-ocmw1150.be\/fr_FR\/wp-json\/wp\/v2\/pages\/48"}],"collection":[{"href":"https:\/\/cpas-ocmw1150.be\/fr_FR\/wp-json\/wp\/v2\/pages"}],"about":[{"href":"https:\/\/cpas-ocmw1150.be\/fr_FR\/wp-json\/wp\/v2\/types\/page"}],"author":[{"embeddable":true,"href":"https:\/\/cpas-ocmw1150.be\/fr_FR\/wp-json\/wp\/v2\/users\/7"}],"replies":[{"embeddable":true,"href":"https:\/\/cpas-ocmw1150.be\/fr_FR\/wp-json\/wp\/v2\/comments?post=48"}],"version-history":[{"count":76,"href":"https:\/\/cpas-ocmw1150.be\/fr_FR\/wp-json\/wp\/v2\/pages\/48\/revisions"}],"predecessor-version":[{"id":3570,"href":"https:\/\/cpas-ocmw1150.be\/fr_FR\/wp-json\/wp\/v2\/pages\/48\/revisions\/3570"}],"wp:featuredmedia":[{"embeddable":true,"href":"https:\/\/cpas-ocmw1150.be\/fr_FR\/wp-json\/wp\/v2\/media\/2278"}],"wp:attachment":[{"href":"https:\/\/cpas-ocmw1150.be\/fr_FR\/wp-json\/wp\/v2\/media?parent=48"}],"curies":[{"name":"wp","href":"https:\/\/api.w.org\/{rel}","templated":true}]}}