{"id":51,"date":"2015-03-28T19:49:44","date_gmt":"2015-03-28T18:49:44","guid":{"rendered":"http:\/\/wp.cpas-ocmw1150.be\/?page_id=51"},"modified":"2026-02-02T11:18:03","modified_gmt":"2026-02-02T10:18:03","slug":"services-d-aide-aux-familles","status":"publish","type":"page","link":"https:\/\/cpas-ocmw1150.be\/fr_FR\/services-d-aide-aux-familles\/","title":{"rendered":"Services d'aide aux familles"},"content":{"rendered":"<p><img decoding=\"async\" loading=\"lazy\" class=\"aligncenter wp-image-3437 size-large\" src=\"https:\/\/cpas-ocmw1150.be\/wp-content\/uploads\/2025\/10\/logo-SAF-couleur-e1759755272906-1024x510.jpg\" alt=\"Logo_SAF_nw\" width=\"640\" height=\"319\" srcset=\"https:\/\/cpas-ocmw1150.be\/wp-content\/uploads\/2025\/10\/logo-SAF-couleur-e1759755272906-1024x510.jpg 1024w, https:\/\/cpas-ocmw1150.be\/wp-content\/uploads\/2025\/10\/logo-SAF-couleur-e1759755272906-180x90.jpg 180w, https:\/\/cpas-ocmw1150.be\/wp-content\/uploads\/2025\/10\/logo-SAF-couleur-e1759755272906-80x40.jpg 80w, https:\/\/cpas-ocmw1150.be\/wp-content\/uploads\/2025\/10\/logo-SAF-couleur-e1759755272906-768x383.jpg 768w, https:\/\/cpas-ocmw1150.be\/wp-content\/uploads\/2025\/10\/logo-SAF-couleur-e1759755272906-720x360.jpg 720w, https:\/\/cpas-ocmw1150.be\/wp-content\/uploads\/2025\/10\/logo-SAF-couleur-e1759755272906.jpg 1052w\" sizes=\"(max-width: 640px) 100vw, 640px\" \/><\/p>\n<h2>La philosophie du service<\/h2>\n<p>Le Service d\u2019Aide aux Familles s\u2019adresse \u00e0 toute personne domicili\u00e9e \u00e0 Woluwe-Saint-Pierre et vise \u00e0 r\u00e9pondre aux besoins des personnes \u00e2g\u00e9es, en situation d\u2019handicap ainsi qu\u2019aux personnes ou familles \u00e9prouvant des difficult\u00e9s passag\u00e8res.<\/p>\n<p>La dur\u00e9e de l\u2019aide est fix\u00e9e selon les besoins des personnes.<\/p>\n<p>Le tarif appliqu\u00e9 est calcul\u00e9 en fonction des revenus apr\u00e8s enqu\u00eate sociale.<\/p>\n<h2>Les aides familiales&nbsp;et m\u00e9nag\u00e8res<\/h2>\n<p>Une \u00e9quipe dipl\u00f4m\u00e9e compos\u00e9e de neuf&nbsp;aides familiales peut vous aider et vous accompagner dans des t\u00e2ches telles que :<\/p>\n<p><span style=\"color: #ff9900;\"><i class=\"fas fa-check\"><\/i><\/span> Les courses<br \/>\n<span style=\"color: #ff9900;\"><i class=\"fas fa-check\"><\/i><\/span> La pr\u00e9paration de repas<br \/>\n<span style=\"color: #ff9900;\"><i class=\"fas fa-check\"><\/i><\/span> L\u2019aide \u00e0 la toilette<br \/>\n<span style=\"color: #ff9900;\"><i class=\"fas fa-check\"><\/i><\/span> La lessive, le repassage<br \/>\n<span style=\"color: #ff9900;\"><i class=\"fas fa-check\"><\/i><\/span> Les petits travaux de couture<br \/>\n<span style=\"color: #ff9900;\"><i class=\"fas fa-check\"><\/i><\/span> L\u2019entretien quotidien<br \/>\n<span style=\"color: #ff9900;\"><i class=\"fas fa-check\"><\/i><\/span> Les d\u00e9marches administratives<br \/>\n<span style=\"color: #ff9900;\"><i class=\"fas fa-check\"><\/i><\/span> Les promenades<br \/>\n<span style=\"color: #ff9900;\"><i class=\"fas fa-check\"><\/i><\/span> \u2026<\/p>\n<p>Deux aides m\u00e9nag\u00e8res professionnelles et form\u00e9es vous aident pour le nettoyage des pi\u00e8ces d\u2019habitation de votre logement.<\/p>\n<h2>Le service social<\/h2>\n<p>Notre service, dot\u00e9 d\u2019une assistante sociale, vous informe et vous accompagne en mati\u00e8re d\u2019aide sociale et assure un r\u00f4le de coordination lorsque n\u00e9cessaire. Elle peut aussi vous orienter le cas \u00e9ch\u00e9ant vers d\u2019autres partenaires.<\/p>\n<h2>La recherche d\u2019h\u00e9bergement pour les personnes \u00e2g\u00e9es<\/h2>\n<p>Lorsque le maintien \u00e0 domicile des personnes \u00e2g\u00e9es ne s\u2019av\u00e8re plus possible, une assistante sociale guide de mani\u00e8re pr\u00e9cise les habitants de Woluwe-Saint-Pierre dans leur recherche de maison de repos ou de soins. Il est bien entendu que le CPAS pourra intervenir financi\u00e8rement dans les frais d\u2019h\u00e9bergement des personnes qui n\u2019arrivent pas \u00e0 couvrir la totalit\u00e9 de ces frais.<\/p>\n<h2>Contact 80+<\/h2>\n<p>Contact 80+ est un service n\u00e9 en juin 2016 qui vise \u00e0 favoriser le maintien \u00e0 domicile des habitants ayant au moins 80 ans et \u00e0 contribuer \u00e0 leur qualit\u00e9 de vie. Contact 80+ propose la visite d\u2019une assistante sociale au domicile. Les objectifs de cette rencontre sont triples :<\/p>\n<ul>\n<li>informer sur l\u2019ensemble des aides et des associations correspondant aux besoins ou souhaits formul\u00e9s&nbsp;;<\/li>\n<li>pr\u00e9venir toute situation critique&nbsp;;<\/li>\n<li>cr\u00e9er un contact personnalis\u00e9 et un lien de confiance.<\/li>\n<\/ul>\n<p>Un proche, votre conjoint, un voisin ou vous-m\u00eame seriez concern\u00e9 ou int\u00e9ress\u00e9 par les actions de Contact 80+ ? N\u2019h\u00e9sitez pas \u00e0 nous contacter.<\/p>\n<h2><\/h2>\n<p class=\"txt_petit\">COORDONN\u00c9ES<\/p>\n<p class=\"txt_petit\">Service d\u2019aide aux familles<\/p>\n<p>Val des Epinettes 25<br \/>\n<i class=\"fas fa-phone-square\"><\/i>&nbsp;02 778 11 60<br \/>\n<i class=\"fas fa-fax\"><\/i>&nbsp;02 778 11 69<br \/>\n<i class=\"fas fa-envelope\"><\/i>&nbsp;<a href=\"mailto:servicesdomicile.cpas@woluwe1150.be\">servicesdomicile.cpas@woluwe1150.be<\/a><\/p>\n<p>Responsable du service :&nbsp;Madame Kurtulus<\/p>\n<p>Responsable administrative&nbsp;:&nbsp;Madame De Bruyn<br \/>\nAssistante administrative : Madame Lubadi Kabeya<\/p>\n<p><strong>Travailleurs sociaux&nbsp;:<\/strong><\/p>\n<p>Assistante sociale : Madame Lambert<br \/>\nAssistante sociale : Madame Godeaux<br \/>\nAssistante sociale : Madame Wuidar<br \/>\nInfirmi\u00e8re Conseil : Madame Jaffrelot<\/p>\n<div class=\"rltdpstsplgn-related-post-block\"><h4 class=\"rltdpstsplgn-related-title\">Related Posts<\/h4><p>No related posts found...<\/p><\/div>\n","protected":false},"excerpt":{"rendered":"<p><img decoding=\"async\" loading=\"lazy\" class=\"aligncenter wp-image-371\" src=\"http:\/\/wp.cpas-ocmw1150.be\/wp-content\/uploads\/2016\/10\/fotolia_123384228-e1477645915984-300x100.jpg\" alt=\"fotolia_123384228\" width=\"820\" height=\"274\" srcset=\"https:\/\/cpas-ocmw1150.be\/wp-content\/uploads\/2016\/10\/fotolia_123384228-e1477645915984-300x100.jpg 300w, https:\/\/cpas-ocmw1150.be\/wp-content\/uploads\/2016\/10\/fotolia_123384228-e1477645915984-80x27.jpg 80w, https:\/\/cpas-ocmw1150.be\/wp-content\/uploads\/2016\/10\/fotolia_123384228-e1477645915984.jpg 500w\" sizes=\"(max-width: 820px) 100vw, 820px\" \/><\/p>\n<h2>La philosophie du service<\/h2>\n<p>Le Service d&#8230;<\/p>\n","protected":false},"author":2,"featured_media":0,"parent":0,"menu_order":0,"comment_status":"closed","ping_status":"closed","template":"","meta":[],"_links":{"self":[{"href":"https:\/\/cpas-ocmw1150.be\/fr_FR\/wp-json\/wp\/v2\/pages\/51"}],"collection":[{"href":"https:\/\/cpas-ocmw1150.be\/fr_FR\/wp-json\/wp\/v2\/pages"}],"about":[{"href":"https:\/\/cpas-ocmw1150.be\/fr_FR\/wp-json\/wp\/v2\/types\/page"}],"author":[{"embeddable":true,"href":"https:\/\/cpas-ocmw1150.be\/fr_FR\/wp-json\/wp\/v2\/users\/2"}],"replies":[{"embeddable":true,"href":"https:\/\/cpas-ocmw1150.be\/fr_FR\/wp-json\/wp\/v2\/comments?post=51"}],"version-history":[{"count":102,"href":"https:\/\/cpas-ocmw1150.be\/fr_FR\/wp-json\/wp\/v2\/pages\/51\/revisions"}],"predecessor-version":[{"id":3602,"href":"https:\/\/cpas-ocmw1150.be\/fr_FR\/wp-json\/wp\/v2\/pages\/51\/revisions\/3602"}],"wp:attachment":[{"href":"https:\/\/cpas-ocmw1150.be\/fr_FR\/wp-json\/wp\/v2\/media?parent=51"}],"curies":[{"name":"wp","href":"https:\/\/api.w.org\/{rel}","templated":true}]}}