{"id":7,"date":"2015-03-27T11:07:18","date_gmt":"2015-03-27T10:07:18","guid":{"rendered":"http:\/\/wp.cpas-ocmw1150.be\/?page_id=7"},"modified":"2026-01-08T11:08:01","modified_gmt":"2026-01-08T10:08:01","slug":"autres-services","status":"publish","type":"page","link":"https:\/\/cpas-ocmw1150.be\/fr_FR\/autres-services\/","title":{"rendered":"Autres services"},"content":{"rendered":"<h2><span style=\"color: #ffcc00;\">Programme f\u00e9d\u00e9ral d\u2019aide alimentaire dans le cadre du Fonds social europ\u00e9en plus (FSE+)<\/span><\/h2>\n<p class=\"txt\">De nombreuses personnes en Belgique se trouvent dans une situation \u00e9conomique pr\u00e9caire et doivent avoir recours \u00e0 l&rsquo;aide alimentaire pour se nourrir au quotidien. Nous souhaitons nous engager \u00e0 r\u00e9pondre \u00e0 ce besoin essentiel.<\/p>\n<p>Notre organisation distribue des produits alimentaires dont la fabrication est financ\u00e9e par le Programme f\u00e9d\u00e9ral d\u2019aide alimentaire dans le cadre du Fonds social europ\u00e9en plus (FSE+). Gr\u00e2ce \u00e0 ce fond octroy\u00e9 par l\u2019Union europ\u00e9enne, la Belgique dispose de moyens destin\u00e9s \u00e0 combattre la pr\u00e9carit\u00e9 alimentaire et\/ou mat\u00e9rielle.<\/p>\n<p>Ce fond est g\u00e9r\u00e9 par le SPP Int\u00e9gration sociale qui fournit chaque ann\u00e9e plus de 750 organisations et CPAS en colis \u00e0 distribuer gratuitement aux plus d\u00e9munis \u00e0 travers toute la Belgique. Ceci en collaboration avec les 9 banques alimentaires du pays, la Croix-Rouge, Foodsavers Antwerpen, Alimen&rsquo;T et la F\u00e9d\u00e9ration des Restos du C\u0153ur. L&rsquo;aide alimentaire du FSE+ est assist\u00e9e par des mesures d\u2019accompagnement social afin d\u2019aider les personnes concern\u00e9es \u00e0 sortir de la pauvret\u00e9.<\/p>\n<p>Vous b\u00e9n\u00e9ficiez d\u00e9j\u00e0 d&rsquo;une aide du CPAS et\/ou vivez sous le seuil de pauvret\u00e9 ? Vous pouvez alors venir chercher un colis alimentaire les jours ouvrables entre 13h et 15h30 (maximum un colis par m\u00e9nage et par semaine). Veuillez-vous pr\u00e9senter \u00e0 l&rsquo;Accueil du CPAS (Voir<a href=\"https:\/\/cpas-ocmw1150.be\/wp-content\/uploads\/2025\/01\/241205_Fiche-daccessibilite_CPAS.pdf\"> fiche d\u2019accessibilit\u00e9<\/a>) muni de votre carte d&rsquo;identit\u00e9 et d&rsquo;un sac pour transporter les denr\u00e9es alimentaires.<\/p>\n<hr \/>\n<h2><\/h2>\n\n<div class=\"wp-block-image\">\n<figure class=\"aligncenter size-large is-resized\"><img decoding=\"async\" loading=\"lazy\" class=\"wp-image-2588\" src=\"https:\/\/cpas-ocmw1150.be\/wp-content\/uploads\/2023\/10\/Logo-CDP-large-1024x512.png\" alt=\"\" width=\"285\" height=\"143\" srcset=\"https:\/\/cpas-ocmw1150.be\/wp-content\/uploads\/2023\/10\/Logo-CDP-large-1024x512.png 1024w, https:\/\/cpas-ocmw1150.be\/wp-content\/uploads\/2023\/10\/Logo-CDP-large-180x90.png 180w, https:\/\/cpas-ocmw1150.be\/wp-content\/uploads\/2023\/10\/Logo-CDP-large-80x40.png 80w, https:\/\/cpas-ocmw1150.be\/wp-content\/uploads\/2023\/10\/Logo-CDP-large-768x384.png 768w, https:\/\/cpas-ocmw1150.be\/wp-content\/uploads\/2023\/10\/Logo-CDP-large-1536x768.png 1536w, https:\/\/cpas-ocmw1150.be\/wp-content\/uploads\/2023\/10\/Logo-CDP-large-720x360.png 720w, https:\/\/cpas-ocmw1150.be\/wp-content\/uploads\/2023\/10\/Logo-CDP-large.png 2000w\" sizes=\"(max-width: 285px) 100vw, 285px\" \/><\/figure><\/div>\n\n\n<\/h2><h2><span style=\"color: #ffcc00;\">Le \u00ab Coup de Pouce\u00bb de Woluwe-Saint-Pierre<\/span><\/h2>\n<p class=\"txt\">Le Coup de Pouce de Woluwe-Saint-Pierre est une Association r\u00e9gie par la loi du 8 juillet 1976, reconnue comme entreprise d&rsquo;insertion.<\/p>\n<p class=\"txt\">La cr\u00e9ation de cette entreprise d&rsquo;insertion, nous a permis d\u2019atteindre deux objectifs : la mise \u00e0 l\u2019emploi de plusieurs personnes aid\u00e9es par le CPAS et les nombreux services rendus \u00e0 la population.<\/p>\n<p class=\"txt\">Les services que peut rendre le Coup de Pouce sont les suivants : m\u00e9nage, jardinage, promenade du chien, aide aux courses, aide au d\u00e9m\u00e9nagement, soit tous les travaux qui ne demandent pas une sp\u00e9cialisation particuli\u00e8re.<\/p>\n<h4 class=\"txt\">QUELS SONT LES TARIFS ?<\/h4>\n<table border=\"1\">\n<tbody>\n<tr>\n<td style=\"padding-left: 30px;\">Tarif prestation\/ heure<\/td>\n<td style=\"padding-left: 30px;\">10 \u20ac TTC<\/td>\n<\/tr>\n<tr style=\"padding-left: 30px;\">\n<td style=\"padding-left: 30px;\">Tarif social*\/ASBL\/heure<\/td>\n<td style=\"padding-left: 30px;\">6,05 \u20ac TTC<\/td>\n<\/tr>\n<tr style=\"padding-left: 30px;\">\n<td style=\"padding-left: 30px;\">Tarif ouvrier exp\u00e9riment\u00e9\/heure<\/td>\n<td style=\"padding-left: 30px;\">16 \u20ac TTC<\/td>\n<\/tr>\n<tr style=\"padding-left: 30px;\">\n<td style=\"padding-left: 30px;\">D\u00e9placement<\/td>\n<td style=\"padding-left: 30px;\">3 \u20ac TTC<\/td>\n<\/tr>\n<\/tbody>\n<\/table>\n<p>La formule type &lsquo;abonnement&rsquo; est supprim\u00e9e.<\/p>\n<p class=\"txt\">*si vous d\u00e9sirez b\u00e9n\u00e9ficier du tarif social, vous devez justifier un revenu mensuel net du m\u00e9nage inf\u00e9rieur \u00e0 2.267,70\u20ac en nous fournissant la preuve de vos revenus.<\/p>\n<h4><span style=\"color: #ffcc00;\">Coordonn\u00e9es<\/span><\/h4>\n<p><span style=\"color: #ffcc00;\"><span style=\"color: #000000;\">Le Coup de Pouce de Woluwe-Saint-Pierre<\/span><br data-rich-text-line-break=\"true\"\/><span style=\"color: #000000;\">Avenue Charles Thielemans, 44<\/span><br data-rich-text-line-break=\"true\"\/><span style=\"color: #000000;\">Christian Vrient<\/span><br \/>\n<i class=\"fas fa-phone-square\"><\/i><\/span>&nbsp;&nbsp;02 762 66 49 (En semaine de 9h00 \u00e0 16h00)<br \/>\n<span style=\"color: #ffcc00;\"><i class=\"fas fa-envelope\"><\/i> <\/span><span style=\"color: #000000;\"><a style=\"color: #000000;\" href=\"mailto:coupdepouce@help1150.be\">coupdepouce@help1150.be<\/a><br \/>\nHoraire \u00e0 domicile : du lundi au vendredi, de 8h00 \u00e0 17h00<br \/>\n<span style=\"color: #ffcc00;\"><i class=\"fas fa-globe\"><\/i> <a style=\"color: #000000;\" href=\"https:\/\/help1150.be\/\">www.help1150.be<\/a><\/span><\/span><\/p>\n<hr \/>\n<p><span style=\"color: #000000;\">&nbsp;<\/span><\/p>\n<h2><span style=\"color: #ffcc00;\"><strong>Aide juridique de deuxi\u00e8me ligne<\/strong><\/span><\/h2>\n<p>Notre CPAS a sign\u00e9 une convention avec les commissions d\u2019aide juridique des barreaux tant francophone que n\u00e9erlandophone. Ceci nous permet d\u2019offrir deux permanences par mois pour l\u2019aide juridique de deuxi\u00e8me ligne : Tous les mercredis de 14h \u00e0 16h. L\u2019aide juridique est accessible \u00e0 tous, sans condition de nationalit\u00e9, de domicile ou de revenus. Le premier conseil est totalement gratuit pour tous les consultants.<\/p>\n<h4 class=\"txt_petit\"><strong><span style=\"color: #ffcc00;\">COORDONN\u00c9ES<\/span><\/strong><\/h4>\n<p>Aide juridique de deuxi\u00e8me&nbsp;ligne<br \/>\nAvenue Charles Thielemans, 44&nbsp; &#8211; 1150 Woluwe-Saint-Pierre<br \/>\n<span style=\"color: #ffcc00;\"><i class=\"fas fa-phone-square\"><\/i><\/span> 02 235 20 70<\/p>\n<p><span style=\"color: #ffcc00;\"><i class=\"fas fa-map-marker\"><\/i> <a href=\"https:\/\/goo.gl\/maps\/VchrTgNHCEVx8xn77\" target=\"_blank\" rel=\"noopener\">carte<\/a><\/span><\/p>","protected":false},"excerpt":{"rendered":"<h2><img decoding=\"async\" loading=\"lazy\" class=\"aligncenter wp-image-376\" src=\"http:\/\/wp.cpas-ocmw1150.be\/wp-content\/uploads\/2016\/10\/fotolia_78070382-e1478183768198-300x119.jpg\" alt=\"fotolia_78070382\" width=\"820\" height=\"324\" srcset=\"https:\/\/cpas-ocmw1150.be\/wp-content\/uploads\/2016\/10\/fotolia_78070382-e1478183768198-300x119.jpg 300w, https:\/\/cpas-ocmw1150.be\/wp-content\/uploads\/2016\/10\/fotolia_78070382-e1478183768198-80x32.jpg 80w, https:\/\/cpas-ocmw1150.be\/wp-content\/uploads\/2016\/10\/fotolia_78070382-e1478183768198.jpg 498w\" sizes=\"(max-width: 820px) 100vw, 820px\" \/>La \u00abGlisse du linge\u00bb<\/h2>\n<p class=\"txt\"><img class=\"al...<\/p\/><\/p>\n","protected":false},"author":2,"featured_media":0,"parent":0,"menu_order":0,"comment_status":"closed","ping_status":"closed","template":"","meta":[],"_links":{"self":[{"href":"https:\/\/cpas-ocmw1150.be\/fr_FR\/wp-json\/wp\/v2\/pages\/7"}],"collection":[{"href":"https:\/\/cpas-ocmw1150.be\/fr_FR\/wp-json\/wp\/v2\/pages"}],"about":[{"href":"https:\/\/cpas-ocmw1150.be\/fr_FR\/wp-json\/wp\/v2\/types\/page"}],"author":[{"embeddable":true,"href":"https:\/\/cpas-ocmw1150.be\/fr_FR\/wp-json\/wp\/v2\/users\/2"}],"replies":[{"embeddable":true,"href":"https:\/\/cpas-ocmw1150.be\/fr_FR\/wp-json\/wp\/v2\/comments?post=7"}],"version-history":[{"count":192,"href":"https:\/\/cpas-ocmw1150.be\/fr_FR\/wp-json\/wp\/v2\/pages\/7\/revisions"}],"predecessor-version":[{"id":3588,"href":"https:\/\/cpas-ocmw1150.be\/fr_FR\/wp-json\/wp\/v2\/pages\/7\/revisions\/3588"}],"wp:attachment":[{"href":"https:\/\/cpas-ocmw1150.be\/fr_FR\/wp-json\/wp\/v2\/media?parent=7"}],"curies":[{"name":"wp","href":"https:\/\/api.w.org\/{rel}","templated":true}]}}