{"id":706,"date":"2018-01-29T12:38:12","date_gmt":"2018-01-29T11:38:12","guid":{"rendered":"http:\/\/cpas-ocmw1150.be\/?page_id=706"},"modified":"2025-01-20T09:16:08","modified_gmt":"2025-01-20T08:16:08","slug":"le-service-dinsertion-socioprofessionnelle","status":"publish","type":"page","link":"https:\/\/cpas-ocmw1150.be\/fr_FR\/action-sociale-service-social\/le-service-dinsertion-socioprofessionnelle\/","title":{"rendered":"Service d\u2019insertion socioprofessionnelle"},"content":{"rendered":"\n<figure class=\"wp-block-image\"><img decoding=\"async\" loading=\"lazy\" width=\"1500\" height=\"700\" src=\"https:\/\/cpas-ocmw1150.be\/wp-content\/uploads\/2023\/04\/CPAS-SISP.png\" alt=\"\" class=\"wp-image-2000\" srcset=\"https:\/\/cpas-ocmw1150.be\/wp-content\/uploads\/2023\/04\/CPAS-SISP.png 1500w, https:\/\/cpas-ocmw1150.be\/wp-content\/uploads\/2023\/04\/CPAS-SISP-180x84.png 180w, https:\/\/cpas-ocmw1150.be\/wp-content\/uploads\/2023\/04\/CPAS-SISP-1024x478.png 1024w, https:\/\/cpas-ocmw1150.be\/wp-content\/uploads\/2023\/04\/CPAS-SISP-80x37.png 80w, https:\/\/cpas-ocmw1150.be\/wp-content\/uploads\/2023\/04\/CPAS-SISP-768x358.png 768w\" sizes=\"(max-width: 1500px) 100vw, 1500px\" \/><\/figure>\n\n\n<p>Le service d\u2019insertion socioprofessionnelle a pour mission de r\u00e9ins\u00e9rer sur le march\u00e9 de l\u2019emploi les b\u00e9n\u00e9ficiaires du CPAS. Il propose des orientations vers des formations qualifiantes, des activit\u00e9s de guidance psychosociale et d\u2019accompagnement dans la recherche d\u2019un emploi. Ces diff\u00e9rents partenariats peuvent se mat\u00e9rialiser soit avec des organismes ext\u00e9rieurs, soit au sein m\u00eame du CPAS.<\/p>\n<p>Pour r\u00e9aliser ces objectifs, le service d\u2019insertion propose des contrats issus de l\u2019article 60\u00a7 7 de la loi organique des CPAS. Ceux-ci permettent d\u2019offrir un emploi \u00e0 dur\u00e9e d\u00e9termin\u00e9e \u00e0 un grand nombre de personnes. Le temps n\u00e9cessaire pour recouvrer leur droit aux allocations sociales. Ce type de contrat leur permettra aussi de b\u00e9n\u00e9ficier d\u2019une exp\u00e9rience professionnelle r\u00e9elle. Ce qui repr\u00e9sente un tremplin vers une r\u00e9insertion dans le milieu du travail.<\/p>\n<h2><span style=\"color: #ffcc00;\">L&rsquo;\u00e9quipe du CPAS<\/span><\/h2>\n<p>Notre CPAS engage en moyenne 50 personnes par an dans le cadre de l\u2019article 60 \u00a7 7. Les statistiques de remise \u00e0 l\u2019emploi apr\u00e8s ce contrat article 60 sont de 38%.<\/p>\n<p>Notre centre a cr\u00e9\u00e9\u00a0en 2003 une soci\u00e9t\u00e9 de services \u00e0 domicile <a href=\"http:\/\/cpas-ocmw1150.be\/nos-services-aux-habitants\/#coupdepouce\"><strong><span style=\"color: #ffcc00;\">Le coup de pouce<\/span><\/strong><\/a> de Woluwe-Saint- Pierre. Ces derniers emploient des travailleurs entrant dans le cadre de l\u2019article 60\u00a7 7.<\/p>\n<p>Le service d\u2019insertion socioprofessionnelle vise \u00e9galement \u00e0 l\u2019\u00e9panouissement sportif et culturel des personnes qui b\u00e9n\u00e9ficient de l\u2019aide sociale, en leur proposant diverses activit\u00e9s culturelles et sportives. Il s\u2019agit notamment de la prise en charge de stages sportifs, de r\u00e9ductions pour diverses activit\u00e9s culturelles et de bien d\u2019autres facilit\u00e9s visant \u00e0 l\u2019\u00e9panouissement et \u00e0 la resocialisation de nos usagers.<\/p>\n<h2 class=\"txt_petit\"><span style=\"color: #ffcc00;\">COORDONN\u00c9ES<\/span><\/h2>\n<p><strong>Service d\u2019insertion socioprofessionnelle<\/strong><br \/>Avenue Charles Thielemans 44 &#8211; 1150 Woluwe-Saint-Pierre<br \/><i class=\"fa fa-phone-square fa- \"><\/i> 02 235 20 70<br \/><i class=\"fa fa-envelope fa- \"><\/i> <span style=\"color: #000000;\"><a style=\"color: #000000;\" href=\"mailto:reinsertion.cpas@woluwe1150.be\">reinsertion.cpas@woluwe1150.be<\/a><\/span><br \/>Responsable :\u00a0Nathalie Dewilde<br \/><i class=\"fa fa-phone-square fa- \"><\/i> 02 235 20 71<\/p>\n<div id='gallery-1' class='gallery galleryid-706 gallery-columns-2 gallery-size-medium'><figure class='gallery-item'>\n\t\t\t<div class='gallery-icon landscape'>\n\t\t\t\t<img width=\"180\" height=\"75\" src=\"https:\/\/cpas-ocmw1150.be\/wp-content\/uploads\/2018\/01\/actiris_FR72-300x125.png\" class=\"attachment-medium size-medium\" alt=\"\" decoding=\"async\" loading=\"lazy\" srcset=\"https:\/\/cpas-ocmw1150.be\/wp-content\/uploads\/2018\/01\/actiris_FR72-300x125.png 300w, https:\/\/cpas-ocmw1150.be\/wp-content\/uploads\/2018\/01\/actiris_FR72-80x33.png 80w, https:\/\/cpas-ocmw1150.be\/wp-content\/uploads\/2018\/01\/actiris_FR72-768x320.png 768w, https:\/\/cpas-ocmw1150.be\/wp-content\/uploads\/2018\/01\/actiris_FR72.png 772w\" sizes=\"(max-width: 180px) 100vw, 180px\" \/>\n\t\t\t<\/div><\/figure><figure class='gallery-item'>\n\t\t\t<div class='gallery-icon landscape'>\n\t\t\t\t<img width=\"180\" height=\"54\" src=\"https:\/\/cpas-ocmw1150.be\/wp-content\/uploads\/2025\/01\/FSE_texte_BIL-180x54.jpg\" class=\"attachment-medium size-medium\" alt=\"FSE\" decoding=\"async\" loading=\"lazy\" srcset=\"https:\/\/cpas-ocmw1150.be\/wp-content\/uploads\/2025\/01\/FSE_texte_BIL-180x54.jpg 180w, https:\/\/cpas-ocmw1150.be\/wp-content\/uploads\/2025\/01\/FSE_texte_BIL-1024x307.jpg 1024w, https:\/\/cpas-ocmw1150.be\/wp-content\/uploads\/2025\/01\/FSE_texte_BIL-80x24.jpg 80w, https:\/\/cpas-ocmw1150.be\/wp-content\/uploads\/2025\/01\/FSE_texte_BIL-768x230.jpg 768w, https:\/\/cpas-ocmw1150.be\/wp-content\/uploads\/2025\/01\/FSE_texte_BIL-1536x460.jpg 1536w, https:\/\/cpas-ocmw1150.be\/wp-content\/uploads\/2025\/01\/FSE_texte_BIL.jpg 1796w\" sizes=\"(max-width: 180px) 100vw, 180px\" \/>\n\t\t\t<\/div><\/figure>\n\t\t<\/div>\n","protected":false},"excerpt":{"rendered":"<div id='gallery-2' class='gallery galleryid-706 gallery-columns-2 gallery-size-medium'><figure class='gallery-item'>\n\t\t\t<div class='gallery-icon landscape'>\n\t\t\t\t<img width=\"180\" height=\"75\" src=\"https:\/\/cpas-ocmw1150.be\/wp-content\/uploads\/2018\/01\/actiris_FR72-300x125.png\" class=\"attachment-medium size-medium\" alt=\"\" decoding=\"async\" loading=\"lazy\" srcset=\"https:\/\/cpas-ocmw1150.be\/wp-content\/uploads\/2018\/01\/actiris_FR72-300x125.png 300w, https:\/\/cpas-ocmw1150.be\/wp-content\/uploads\/2018\/01\/actiris_FR72-80x33.png 80w, https:\/\/cpas-ocmw1150.be\/wp-content\/uploads\/2018\/01\/actiris_FR72-768x320.png 768w, https:\/\/cpas-ocmw1150.be\/wp-content\/uploads\/2018\/01\/actiris_FR72.png 772w\" sizes=\"(max-width: 180px) 100vw, 180px\" \/>\n\t\t\t<\/div><\/figure><figure class='gallery-item'>\n\t\t\t<div class='gallery-icon landscape'>\n\t\t\t\t<img width=\"180\" height=\"76\" src=\"https:\/\/cpas-ocmw1150.be\/wp-content\/uploads\/2018\/01\/FSE-e1517228991182-300x126.jpg\" class=\"attachment-medium size-medium\" alt=\"\" decoding=\"async\" loading=\"lazy\" srcset=\"https:\/\/cpas-ocmw1150.be\/wp-content\/uploads\/2018\/01\/FSE-e1517228991182-300x126.jpg 300w, https:\/\/cpas-ocmw1150.be\/wp-content\/uploads\/2018\/01\/FSE-e1517228991182-80x34.jpg 80w, https:\/\/cpas-ocmw1150.be\/wp-content\/uploads\/2018\/01\/FSE-e1517228991182.jpg 500w\" sizes=\"(max-width: 180px) 100vw, 180px\" \/>\n\t\t\t<\/div><\/figure>\n\t\t<\/div>\n\n<p>Le service d\u2019insertion socioprofessionnelle a pour mission de r\u00e9ins\u00e9rer sur le march\u00e9 de l\u2019emploi les b\u00e9n\u00e9ficiaires du CPAS. Il propose des orientations vers des formations qualifiantes&#8230;<\/p>\n","protected":false},"author":2,"featured_media":0,"parent":45,"menu_order":0,"comment_status":"closed","ping_status":"closed","template":"","meta":[],"_links":{"self":[{"href":"https:\/\/cpas-ocmw1150.be\/fr_FR\/wp-json\/wp\/v2\/pages\/706"}],"collection":[{"href":"https:\/\/cpas-ocmw1150.be\/fr_FR\/wp-json\/wp\/v2\/pages"}],"about":[{"href":"https:\/\/cpas-ocmw1150.be\/fr_FR\/wp-json\/wp\/v2\/types\/page"}],"author":[{"embeddable":true,"href":"https:\/\/cpas-ocmw1150.be\/fr_FR\/wp-json\/wp\/v2\/users\/2"}],"replies":[{"embeddable":true,"href":"https:\/\/cpas-ocmw1150.be\/fr_FR\/wp-json\/wp\/v2\/comments?post=706"}],"version-history":[{"count":47,"href":"https:\/\/cpas-ocmw1150.be\/fr_FR\/wp-json\/wp\/v2\/pages\/706\/revisions"}],"predecessor-version":[{"id":2896,"href":"https:\/\/cpas-ocmw1150.be\/fr_FR\/wp-json\/wp\/v2\/pages\/706\/revisions\/2896"}],"up":[{"embeddable":true,"href":"https:\/\/cpas-ocmw1150.be\/fr_FR\/wp-json\/wp\/v2\/pages\/45"}],"wp:attachment":[{"href":"https:\/\/cpas-ocmw1150.be\/fr_FR\/wp-json\/wp\/v2\/media?parent=706"}],"curies":[{"name":"wp","href":"https:\/\/api.w.org\/{rel}","templated":true}]}}