{"id":1681,"date":"2022-06-14T14:01:22","date_gmt":"2022-06-14T13:01:22","guid":{"rendered":"https:\/\/cpas-ocmw1150.be\/?page_id=1681"},"modified":"2023-11-20T09:58:25","modified_gmt":"2023-11-20T08:58:25","slug":"cellule-ukraine-du-cpas-de-woluwe-saint-pierre","status":"publish","type":"page","link":"https:\/\/cpas-ocmw1150.be\/nl_NL\/cellule-ukraine-du-cpas-de-woluwe-saint-pierre\/","title":{"rendered":"Oekraine Cel"},"content":{"rendered":"\n<figure class=\"wp-block-image size-large\"><img decoding=\"async\" loading=\"lazy\" width=\"1024\" height=\"478\" src=\"https:\/\/cpas-ocmw1150.be\/wp-content\/uploads\/2023\/05\/CPAS-UKR-1024x478.png\" alt=\"Ukraine\" class=\"wp-image-2198\" srcset=\"https:\/\/cpas-ocmw1150.be\/wp-content\/uploads\/2023\/05\/CPAS-UKR-1024x478.png 1024w, https:\/\/cpas-ocmw1150.be\/wp-content\/uploads\/2023\/05\/CPAS-UKR-180x84.png 180w, https:\/\/cpas-ocmw1150.be\/wp-content\/uploads\/2023\/05\/CPAS-UKR-80x37.png 80w, https:\/\/cpas-ocmw1150.be\/wp-content\/uploads\/2023\/05\/CPAS-UKR-768x358.png 768w, https:\/\/cpas-ocmw1150.be\/wp-content\/uploads\/2023\/05\/CPAS-UKR.png 1500w\" sizes=\"(max-width: 1024px) 100vw, 1024px\" \/><\/figure>\n\n\n<h2><span style=\"color: #ffcc00;\">Samenvatting van het jaar 2022-2023<\/span><\/h2>\n<p style=\"text-align: justify;\">Omwille van het groot aantal verwachte vluchtelingen vanuit Oekra\u00efne, heeft het OCMW van Sint-Pieters-Woluwe een speciale cel opgericht om de hulpverzoeken te behandelen. De Oekra\u00efense cel werd officieel geopend op 1 april 2022, maar veel vluchtelingen werden al geholpen door de sociale diensten van het OCMW voor de offici\u00eble opening.<br \/>Het aantal Oekra\u00efners dat zich sinds het begin van de crisis bij het OCMW heeft geregistreerd, bedraagt 546 in april 2023. De maatschappelijk assistent ontvangt nieuwe verzoeken in samenwerking met het onthaal dat alle documenten verzamelt.<br \/>De huisvestingsdienst was \u00e9\u00e9n van de belangrijkste diensten tijdens het eerste jaar van de crisis. Gedurende de eerste maanden van de crisis verbleven vluchtelingen voornamelijk bij gastgezinnen. De noodzaak voor meer duurzame huisvesting werd dringender naarmate duidelijk werd dat de crisis niet snel zou eindigen. De huisvestingsdienst werd geconfronteerd met een groot aantal gastgezinnen die geen vluchtelingen meer konden opvangen. Daarom werd in juni\/juli 2022 de formule van transitwoningen gecre\u00eberd. Het doel van de transitwoning is om de vluchtelingen meer tijd te geven om huisvesting op de priv\u00e9 markt te vinden. Op dit moment heeft een meerderheid van de Oekra\u00efners met de hulp van de huisvestingsdienst een woning op de priv\u00e9 markt al gevonden.<\/p>\n\n\n<figure class=\"wp-block-image size-large\"><img decoding=\"async\" loading=\"lazy\" width=\"1024\" height=\"97\" src=\"https:\/\/cpas-ocmw1150.be\/wp-content\/uploads\/2023\/05\/UKR-1024x97.png\" alt=\"Ukraine \" class=\"wp-image-2202\" srcset=\"https:\/\/cpas-ocmw1150.be\/wp-content\/uploads\/2023\/05\/UKR-1024x97.png 1024w, https:\/\/cpas-ocmw1150.be\/wp-content\/uploads\/2023\/05\/UKR-180x17.png 180w, https:\/\/cpas-ocmw1150.be\/wp-content\/uploads\/2023\/05\/UKR-80x8.png 80w, https:\/\/cpas-ocmw1150.be\/wp-content\/uploads\/2023\/05\/UKR-768x73.png 768w, https:\/\/cpas-ocmw1150.be\/wp-content\/uploads\/2023\/05\/UKR-1536x146.png 1536w, https:\/\/cpas-ocmw1150.be\/wp-content\/uploads\/2023\/05\/UKR.png 2000w\" sizes=\"(max-width: 1024px) 100vw, 1024px\" \/><\/figure>\n\n\n<h2><span style=\"color: #ffcc00;\">Samenstelling van de Oekra\u00efense cel<\/span><\/h2>\n<p style=\"text-align: justify;\">De Oekra\u00efne cel van het OCMW van Sint-Pieters-Woluwe is een belangrijke entiteit van de organisatie geworden als gevolg van de komst van veel vluchtelingen uit Oekra\u00efne. Het is samengesteld uit vijf afdelingen, elk met een specifieke rol in het leveren van diensten aan de lokale gemeenschap.<\/p>\n<h3><span style=\"color: #ffcc00;\">Co\u00f6rdinatie<\/span><\/h3>\n<p style=\"text-align: justify;\">De co\u00f6rdinatie van de Oekra\u00efne cel is een van de belangrijkste beheersfuncties binnen het OCMW. Het doel van deze functie is om ervoor te zorgen dat een groep mensen effectief samenwerkt om een gemeenschappelijk doel te bereiken.<\/p>\n<ul>\n<li>KHADYJAT Indyra \u2013 <span style=\"color: #ffcc00;\"><a style=\"color: #ffcc00;\" href=\"mailto:ikhadyjat@woluwe1150.be\">ikhadyjat@woluwe1150.be<\/a><\/span> \u2013 02\/435.59.40<\/li>\n<\/ul>\n<h3><span style=\"color: #ffcc00;\">Onthaal &#8211; helpdesk<\/span><\/h3>\n<p style=\"text-align: justify;\">Het onthaal dient als eerste contactpunt voor de Oekra\u00efners. Ze ontvangen de eerste informatie over de cel en worden doorverwezen naar de juiste dienst.<\/p>\n<ul>\n<li>IGNATENKO Viktoria &#8211; <span style=\"color: #ffcc00;\"><a style=\"color: #ffcc00;\" href=\"mailto:vignatenko@woluwe1150.be\" target=\"_new\" rel=\"noopener\">vignatenko@woluwe1150.be<\/a> <\/span>&#8211; 02\/773.59.94<\/li>\n<\/ul>\n<h3><span style=\"color: #ffcc00;\">Sociale Dienst<\/span><\/h3>\n<p style=\"text-align: justify;\">De sociale dienst behandelt alle leefloon hulpverzoeken. Tijdens een algemeen onderzoek wordt bepaald of een equivalent van een integratie-inkomen kan worden toegekend en, indien nodig, andere dringende hulp zoals voedsel of kleding. Alle beslissingen moeten worden bekrachtigd door het Speciale Comit\u00e9 van de Sociale Dienst.<\/p>\n<ul>\n<li>BOLANGUY Sarah &#8211; <span style=\"color: #ffcc00;\"><a style=\"color: #ffcc00;\" href=\"mailto:sbolanguy@woluwe1150.be\" target=\"_new\" rel=\"noopener\">sbolanguy@woluwe1150.be<\/a> <\/span>&#8211; 02\/435.59.40<\/li>\n<\/ul>\n<h3><span style=\"color: #ffcc00;\">Dienst Huisvesting<\/span><\/h3>\n<p style=\"text-align: justify;\">De huisvestingsdienst was een samenwerking tussen de gemeente en het OCMW. In eerste instantie was de gemeente verantwoordelijk voor huisvesting en de eerste match tussen gastgezinnen en Oekra\u00efners. Sinds september 2022 is het beheer van de huisvesting volledig overgedragen aan de huisvestingsdienst van het OCMW. De belangrijkste taak van de dienst is om vragen van Oekra\u00efners en gastgezinnen te beantwoorden, te adviseren over huurcontracten, geschikte huisvesting te vinden en eventueel op te treden als bemiddelaar bij conflicten.<\/p>\n<ul>\n<li>TSUGUI Teodora &#8211;<span style=\"color: #ffcc00;\"> <a style=\"color: #ffcc00;\" href=\"mailto:ttsugui@woluwe1150.be\" target=\"_new\" rel=\"noopener\">ttsugui@woluwe1150.be<\/a><\/span> &#8211; 02\/435.59.43<\/li>\n<li>PAVEL Valentin &#8211; <span style=\"color: #ffcc00;\"><a style=\"color: #ffcc00;\" href=\"mailto:vpavel@woluwe1150.be\" target=\"_new\" rel=\"noopener\">vpavel@woluwe1150.be<\/a><\/span><\/li>\n<\/ul>\n<p style=\"text-align: justify;\">De huisvestingsdienst van de cel Oekra\u00efne rekend op de steun van <strong><a href=\"https:\/\/cpas-ocmw1150.be\/nl_NL\/aide-au-logement\/\">de huisvestingsdienst van het OCMW<\/a><\/strong>, met name voor de zoektocht naar huisvesting die het OCMW kan huren om er transitwoningen van te maken, evenals voor technische ondersteuning met betrekking tot transitwoningen<\/p>\n<ul>\n<li>HABEEB Samer &#8211; <span style=\"color: #ffcc00;\"><a style=\"color: #ffcc00;\" href=\"mailto:shabeeb@woluwe1150.be\" target=\"_new\" rel=\"noopener\">shabeeb@woluwe1150.be<\/a><\/span><\/li>\n<li>BASTIAENS Delphine &#8211; <span style=\"color: #ffcc00;\"><a style=\"color: #ffcc00;\" href=\"mailto:dbastiaens@woluwe1150.be\" target=\"_new\" rel=\"noopener\">dbastiaens@woluwe1150.be<\/a><\/span><\/li>\n<\/ul>\n<h3><span style=\"color: #ffcc00;\">Administratieve dienst<\/span><\/h3>\n<p style=\"text-align: justify;\">Deze dienst beheert de administratieve taken die verband houden met de activiteiten van de Oekra\u00efne cel. De leden van deze pool zullen onder meer de beslissingen coderen die naar het Speciale Comit\u00e9 van de Sociale Dienst gaan, en de brieven schrijven die naar andere OCMW&rsquo;s worden gestuurd.<\/p>\n<ul>\n<li>DASSONVILLE St\u00e9phanie \u2013 <span style=\"color: #ffcc00;\"><a style=\"color: #ffcc00;\" href=\"mailto:sdassonville@woluwe1150.be\">sdassonville@woluwe1150.be<\/a><\/span><\/li>\n<\/ul>\n<p>Voor meer informatie nodigen wij u uit om de website van <strong><a href=\"https:\/\/www.helpukraine.brussels\/nl\">Safe Brussels<\/a> <\/strong>te raadplegen.<\/p>","protected":false},"excerpt":{"rendered":"<p>Co-Co\u00f6rdinatie<\/p>\n<p><strong>MISSIE<\/strong><\/p>\n<p>Ontwikkeling van acties binnen de verschillende afdelingen.<\/p>\n<ul>\n<li>KHADYJAT Indyra &#8211; <a href=\"mailto:ikhadyjat@woluwe1150.be\"><i class=\"fas fa-envelope\"><\/i><\/a><\/li>\n<li>LETTI&#8230;<\/li>\n<\/ul>\n","protected":false},"author":2,"featured_media":0,"parent":0,"menu_order":0,"comment_status":"closed","ping_status":"closed","template":"","meta":[],"_links":{"self":[{"href":"https:\/\/cpas-ocmw1150.be\/nl_NL\/wp-json\/wp\/v2\/pages\/1681"}],"collection":[{"href":"https:\/\/cpas-ocmw1150.be\/nl_NL\/wp-json\/wp\/v2\/pages"}],"about":[{"href":"https:\/\/cpas-ocmw1150.be\/nl_NL\/wp-json\/wp\/v2\/types\/page"}],"author":[{"embeddable":true,"href":"https:\/\/cpas-ocmw1150.be\/nl_NL\/wp-json\/wp\/v2\/users\/2"}],"replies":[{"embeddable":true,"href":"https:\/\/cpas-ocmw1150.be\/nl_NL\/wp-json\/wp\/v2\/comments?post=1681"}],"version-history":[{"count":86,"href":"https:\/\/cpas-ocmw1150.be\/nl_NL\/wp-json\/wp\/v2\/pages\/1681\/revisions"}],"predecessor-version":[{"id":2662,"href":"https:\/\/cpas-ocmw1150.be\/nl_NL\/wp-json\/wp\/v2\/pages\/1681\/revisions\/2662"}],"wp:attachment":[{"href":"https:\/\/cpas-ocmw1150.be\/nl_NL\/wp-json\/wp\/v2\/media?parent=1681"}],"curies":[{"name":"wp","href":"https:\/\/api.w.org\/{rel}","templated":true}]}}