{"id":547,"date":"2023-04-19T09:52:04","date_gmt":"2023-04-19T08:52:04","guid":{"rendered":"http:\/\/wp.cpas-ocmw1150.be\/?page_id=547"},"modified":"2026-03-10T15:12:27","modified_gmt":"2026-03-10T14:12:27","slug":"coordination-sociale","status":"publish","type":"page","link":"https:\/\/cpas-ocmw1150.be\/nl_NL\/coordination-sociale\/","title":{"rendered":"Sociale co\u00f6rdinatie"},"content":{"rendered":"\t\t<div data-elementor-type=\"wp-page\" data-elementor-id=\"547\" class=\"elementor elementor-547\">\n\t\t\t\t\t\t\t\t\t<section class=\"elementor-section elementor-top-section elementor-element elementor-element-207d228e elementor-section-boxed elementor-section-height-default elementor-section-height-default\" data-id=\"207d228e\" data-element_type=\"section\">\n\t\t\t\t\t\t<div class=\"elementor-container elementor-column-gap-default\">\n\t\t\t\t\t<div class=\"elementor-column elementor-col-100 elementor-top-column elementor-element elementor-element-75a0b422\" data-id=\"75a0b422\" data-element_type=\"column\">\n\t\t\t<div class=\"elementor-widget-wrap elementor-element-populated\">\n\t\t\t\t\t\t\t\t<div class=\"elementor-element elementor-element-4189147a elementor-widget elementor-widget-text-editor\" data-id=\"4189147a\" data-element_type=\"widget\" data-widget_type=\"text-editor.default\">\n\t\t\t\t<div class=\"elementor-widget-container\">\n\t\t\t<style>\/*! elementor - v3.15.0 - 20-08-2023 *\/\n.elementor-widget-text-editor.elementor-drop-cap-view-stacked .elementor-drop-cap{background-color:#69727d;color:#fff}.elementor-widget-text-editor.elementor-drop-cap-view-framed .elementor-drop-cap{color:#69727d;border:3px solid;background-color:transparent}.elementor-widget-text-editor:not(.elementor-drop-cap-view-default) .elementor-drop-cap{margin-top:8px}.elementor-widget-text-editor:not(.elementor-drop-cap-view-default) .elementor-drop-cap-letter{width:1em;height:1em}.elementor-widget-text-editor .elementor-drop-cap{float:left;text-align:center;line-height:1;font-size:50px}.elementor-widget-text-editor .elementor-drop-cap-letter{display:inline-block}<\/style>\t\t\t\t<p><!-- wp:image {\"id\":2041} --><\/p>\n<figure class=\"wp-block-image\"><img decoding=\"async\" loading=\"lazy\" width=\"1500\" height=\"700\" class=\"wp-image-2041\" src=\"https:\/\/cpas-ocmw1150.be\/wp-content\/uploads\/2023\/04\/CPAS-CO-SO.png\" alt=\"\" srcset=\"https:\/\/cpas-ocmw1150.be\/wp-content\/uploads\/2023\/04\/CPAS-CO-SO.png 1500w, https:\/\/cpas-ocmw1150.be\/wp-content\/uploads\/2023\/04\/CPAS-CO-SO-180x84.png 180w, https:\/\/cpas-ocmw1150.be\/wp-content\/uploads\/2023\/04\/CPAS-CO-SO-1024x478.png 1024w, https:\/\/cpas-ocmw1150.be\/wp-content\/uploads\/2023\/04\/CPAS-CO-SO-80x37.png 80w, https:\/\/cpas-ocmw1150.be\/wp-content\/uploads\/2023\/04\/CPAS-CO-SO-768x358.png 768w\" sizes=\"(max-width: 1500px) 100vw, 1500px\" \/><\/figure>\n<p><!-- \/wp:image --><\/p>\n<p style=\"text-align: justify;\"><span style=\"color: #ffcc00;\"><strong><a style=\"color: #ffcc00;\" href=\"https:\/\/www.info1150.be\/\">La coordination sociale<\/a>\u00a0<\/strong><\/span>du CPAS Woluwe-Saint-Pierre rassemble des repr\u00e9sentants de savoir-faire couvrant plusieurs domaines. Ceci dans le but de :<\/p>\n<ul>\n<li>Favoriser la connaissance r\u00e9ciproque des institutions.<\/li>\n<li>\u00catre un lieu d\u2019expression, de proposition et d\u2019information.<\/li>\n<li>\u00catre un lieu de concertation donc d\u2019\u00e9change et de d\u00e9bat entre les diff\u00e9rents intervenants.<\/li>\n<li>Soutenir une r\u00e9flexion sur l\u2019\u00e9thique du travail social.<\/li>\n<li style=\"text-align: justify;\">D\u00e9velopper, sur base des besoins identifi\u00e9es sur le terrain, une r\u00e9flexion et des projets sur le territoire, voire interpellation au niveau de proposition politique. En \u00e9mettant des avis et des orientations, dans le respect des responsabilit\u00e9s et des comp\u00e9tences de chacun et chacune.<\/li>\n<\/ul>\n<p style=\"text-align: justify;\">Nos partenaires professionnels ou b\u00e9n\u00e9voles sont actifs en premi\u00e8re ligne sur le terrain. Ils remontent r\u00e9guli\u00e8rement les indicateurs relatifs aux besoins des populations. Ces besoins identifi\u00e9s sont d\u00e9battus en assembl\u00e9es pl\u00e9ni\u00e8res ou en groupe de travail, et font l\u2019objet de pistes de travail pour l\u2019ann\u00e9e \u00e0 venir.<\/p>\n<p><!-- wp:image {\"align\":\"center\",\"id\":1844,\"width\":529,\"height\":334,\"sizeSlug\":\"full\",\"linkDestination\":\"none\"} --><\/p>\n<figure class=\"wp-block-image aligncenter size-full is-resized\"><img decoding=\"async\" loading=\"lazy\" class=\"wp-image-1844\" src=\"https:\/\/cpas-ocmw1150.be\/wp-content\/uploads\/2023\/04\/Capture-co-so-1.png\" alt=\"sociale co\u00f6rdinatie van het OCMW\" width=\"529\" height=\"334\" srcset=\"https:\/\/cpas-ocmw1150.be\/wp-content\/uploads\/2023\/04\/Capture-co-so-1.png 949w, https:\/\/cpas-ocmw1150.be\/wp-content\/uploads\/2023\/04\/Capture-co-so-1-180x114.png 180w, https:\/\/cpas-ocmw1150.be\/wp-content\/uploads\/2023\/04\/Capture-co-so-1-80x51.png 80w, https:\/\/cpas-ocmw1150.be\/wp-content\/uploads\/2023\/04\/Capture-co-so-1-768x486.png 768w\" sizes=\"(max-width: 529px) 100vw, 529px\" \/><\/figure>\n<p><!-- \/wp:image --><\/p>\n<h2><span style=\"color: #ffcc00;\">Historique<\/span><\/h2>\n<p style=\"text-align: justify;\">Dans le cadre de l\u2019article 62 de la loi du 08.07.1976 organique des CPAS, le CPAS de Woluwe-Saint-Pierre a mis sur pied, depuis le\u00a0<em>18 septembre 2001<\/em>\u00a0\u00ab\u00a0Les assises du social de Woluwe-Saint-Pierre\u00a0\u00bb.<\/p>\n<p style=\"text-align: justify;\">La cr\u00e9ation de cette coordination, maintient pour but de faire se concerter tous les acteurs actifs dans le domaine social \u00e0 Woluwe-Saint-Pierre pour. L&rsquo;objectif est d\u2019une part, de renforcer la synergie de l\u2019offre et optimaliser la qualit\u00e9 des services offerts dans la lutte contre l\u2019exclusion sociale. D\u2019autre part, il aussi question de se doter d\u2019outils facilitant la circulation d\u2019informations. Ainsi que la collaboration entre les services sociaux actifs sur le territoire de notre commune.<\/p>\n<p style=\"text-align: justify;\">La coordination se veut \u00eatre un lieu de r\u00e9flexion et d\u2019orientation des politiques sociales avec l\u2019ensemble des acteurs sociaux de la commune. Pour r\u00e9pondre plus efficacement aux besoins sociaux constat\u00e9s dans notre commune.<\/p>\n<h2><span style=\"color: #ffcc00;\">Les r\u00e8gles de fonctionnement<\/span><\/h2>\n<p style=\"text-align: justify;\">La coordination sociale du CPAS Woluwe-Saint-Pierre est r\u00e9gie par la charte et les principes de fonctionnement.<\/p>\n<p style=\"text-align: justify;\">L\u2019adoption de ces deux documents essentiels, est le signe que les membres de la coordination et le Conseil de l\u2019Action sociale souhaitent renforcer le poids des actions de la coordination sociale. Tout en adh\u00e9rant aux termes de la circulaire relative au subventionnement des coordinations sociales des CPAS de la r\u00e9gion de Bruxelles-Capitale.<\/p>\n<p style=\"text-align: justify;\">Les membres de la coordination sociale sont invit\u00e9s aux assembl\u00e9es pl\u00e9ni\u00e8res. Ils sont \u00e9galement inscrits au sein de 4 groupes de travail th\u00e9matiques diff\u00e9rents. Un comit\u00e9 de pilotage et un comit\u00e9 ex\u00e9cutif sont constitu\u00e9s pour soutenir la Responsable de la Coordination sociale dans ses t\u00e2ches multiples.<\/p>\n<p style=\"text-align: justify;\">Le Pr\u00e9sident du CPAS ou son d\u00e9l\u00e9gu\u00e9 re\u00e7oit les interpellations des participants, les convoque en assembl\u00e9es ou les rencontres. En outre, il dirige les d\u00e9bats, suscite les r\u00e9flexions et analyses, propose des orientations et favorise les collaborations. Il veille essentiellement \u00e0 une diffusion efficace de l\u2019information.<\/p>\n<h2><span style=\"color: #ffcc00;\">Coordonn\u00e9es<\/span><\/h2>\n<p><span style=\"color: #ffcc00;\"><i class=\"fas fa-location-dot\"><\/i> Dr\u00e8ve des Shetlands 15, 1150 Woluwe-Saint-Pierre<\/span><br \/><span style=\"color: #ffcc00;\"><i class=\"fas fa-phone\"><\/i>\u00a0<\/span>02\/235 29 98<br \/><span style=\"color: #ffcc00;\"><i class=\"fas fa-mobile-retro\"><\/i><\/span>\u00a004\/90 67 67 29<br \/><span style=\"color: #ffcc00;\"><i class=\"fas fa-envelope\"><\/i>\u00a0<\/span><span style=\"color: #000000;\"><a style=\"color: #000000;\" href=\"mailto:dvandenberghe@woluwe1150.be\">dvandenberghe@woluwe1150.be<\/a><\/span><\/p>\n<p>La responsable de la coordination sociale : D. Vanden Berghe : 04\/90 67 67 29<\/p>\n<p>\u00a0<\/p>\t\t\t\t\t\t<\/div>\n\t\t\t\t<\/div>\n\t\t\t\t\t<\/div>\n\t\t<\/div>\n\t\t\t\t\t\t\t<\/div>\n\t\t<\/section>\n\t\t\t\t\t\t\t<\/div>\n\t\t","protected":false},"excerpt":{"rendered":"<p><!-- wp:image {\"id\":2041,\"sizeSlug\":\"large\",\"linkDestination\":\"none\"} --><\/p>\n<figure class=\"wp-block-image size-large\"><img decoding=\"async\" loading=\"lazy\" width=\"1024\" height=\"478\" src=\"https:\/\/cpas-ocmw1150.be\/wp-content\/uploads\/2023\/04\/CPAS-CO-SO-1024x478.png\" alt=\"\" class=\"wp-image-2041\" srcset=\"https:\/\/cpas-ocmw1150.be\/wp-content\/uploads\/2023\/04\/CPAS-CO-SO-1024x478.png 1024w, https:\/\/cpas-ocmw1150.be\/wp-content\/uploads\/2023\/04\/CPAS-CO-SO-180x84.png 180w, https:\/\/cpas-ocmw1150.be\/wp-content\/uploads\/2023\/04\/CPAS-CO-SO-80x37.png 80w, https:\/\/cpas-ocmw1150.be\/wp-content\/uploads\/2023\/04\/CPAS-CO-SO-768x358.png 768w, https:\/\/cpas-ocmw1150.be\/wp-content\/uploads\/2023\/04\/CPAS-CO-SO.png 1500w\" sizes=\"(max-width: 1024px) 100vw, 1024px\" \/><\/figure>\n<p><!-- \/w...\n<\/p>\n","protected":false},"author":7,"featured_media":0,"parent":0,"menu_order":0,"comment_status":"closed","ping_status":"closed","template":"","meta":[],"_links":{"self":[{"href":"https:\/\/cpas-ocmw1150.be\/nl_NL\/wp-json\/wp\/v2\/pages\/547"}],"collection":[{"href":"https:\/\/cpas-ocmw1150.be\/nl_NL\/wp-json\/wp\/v2\/pages"}],"about":[{"href":"https:\/\/cpas-ocmw1150.be\/nl_NL\/wp-json\/wp\/v2\/types\/page"}],"author":[{"embeddable":true,"href":"https:\/\/cpas-ocmw1150.be\/nl_NL\/wp-json\/wp\/v2\/users\/7"}],"replies":[{"embeddable":true,"href":"https:\/\/cpas-ocmw1150.be\/nl_NL\/wp-json\/wp\/v2\/comments?post=547"}],"version-history":[{"count":42,"href":"https:\/\/cpas-ocmw1150.be\/nl_NL\/wp-json\/wp\/v2\/pages\/547\/revisions"}],"predecessor-version":[{"id":3645,"href":"https:\/\/cpas-ocmw1150.be\/nl_NL\/wp-json\/wp\/v2\/pages\/547\/revisions\/3645"}],"wp:attachment":[{"href":"https:\/\/cpas-ocmw1150.be\/nl_NL\/wp-json\/wp\/v2\/media?parent=547"}],"curies":[{"name":"wp","href":"https:\/\/api.w.org\/{rel}","templated":true}]}}