{"id":56,"date":"2023-04-12T09:53:16","date_gmt":"2023-04-12T08:53:16","guid":{"rendered":"http:\/\/wp.cpas-ocmw1150.be\/?page_id=56"},"modified":"2026-03-11T15:23:31","modified_gmt":"2026-03-11T14:23:31","slug":"accompagnement-des-seniors-residence","status":"publish","type":"page","link":"https:\/\/cpas-ocmw1150.be\/nl_NL\/accompagnement-des-seniors-residence\/","title":{"rendered":"Begeleiding van de senioren"},"content":{"rendered":"<h4>&nbsp;<\/h4>\n<h4><img decoding=\"async\" loading=\"lazy\" class=\"alignnone wp-image-2789 size-full\" src=\"https:\/\/cpas-ocmw1150.be\/wp-content\/uploads\/2024\/02\/CPAS-transparence-2.png\" alt=\"CPAS de WSP\" width=\"5669\" height=\"2646\" srcset=\"https:\/\/cpas-ocmw1150.be\/wp-content\/uploads\/2024\/02\/CPAS-transparence-2.png 5669w, https:\/\/cpas-ocmw1150.be\/wp-content\/uploads\/2024\/02\/CPAS-transparence-2-180x84.png 180w, https:\/\/cpas-ocmw1150.be\/wp-content\/uploads\/2024\/02\/CPAS-transparence-2-1024x478.png 1024w, https:\/\/cpas-ocmw1150.be\/wp-content\/uploads\/2024\/02\/CPAS-transparence-2-80x37.png 80w, https:\/\/cpas-ocmw1150.be\/wp-content\/uploads\/2024\/02\/CPAS-transparence-2-768x358.png 768w, https:\/\/cpas-ocmw1150.be\/wp-content\/uploads\/2024\/02\/CPAS-transparence-2-1536x717.png 1536w, https:\/\/cpas-ocmw1150.be\/wp-content\/uploads\/2024\/02\/CPAS-transparence-2-2048x956.png 2048w\" sizes=\"(max-width: 5669px) 100vw, 5669px\" \/><\/h4>\n<hr \/>\n<h2><strong>Het Koning Boudewijntehuis<\/strong><\/h2>\n<hr \/>\n<p><img decoding=\"async\" loading=\"lazy\" class=\" wp-image-492 alignleft\" src=\"http:\/\/wp.cpas-ocmw1150.be\/wp-content\/uploads\/2015\/03\/RRB-005-300x225.jpg\" alt=\"OLYMPUS DIGITAL CAMERA\" width=\"338\" height=\"253\"\/><\/p>\n<p style=\"text-align: justify;\">Het Boudewijntehuis biedt de senioren een volledig waaier van diensten voor elke behoeften: Rusthuis voor bejaarden, Cantous, Kort Verblijf, Dagvorzorgingcentrum, Rust en verzorginstehuis. Het herbergt 200 bewoners: 100 op de afdeling RVT (Rust en Verzorgingstehuis \u2013 met enkel individuele kamers) en 71 op de afdeling ROB (Rustoord voor Bejaarden) waarvan 51 op een individuele kamer en 20 op een tweepersoonskamer verblijven.<\/p>\n<p style=\"text-align: justify;\">Met zijn ligging in een groene omgeving aan de rand van het Zoni\u00ebnwoud is de Residentie Koning Boudewijn een oord van pais en vree voor de bewoners. Anderzijds kunnen zij zich naar alle uithoeken begeven vermits zij gebruik kunnen maken van het openbaar vervoer op het nabijgelegen Aleidisvoorplein. In onze betrachting om het tehuis in een warme, gemoedelijke, gezellige sfeer te dompelen werd er heel veel aandacht besteed aan de uitbouw van gemeenschappelijke ruimtes waar de bewoners, hun familie en vrienden elkaar kunnen ontmoeten.<\/p>\n<p style=\"text-align: justify;\">De bewoners worden omringd door geschoold personeel dat aandacht heeft voor hun specifieke behoeftes. Zij staan eveneens dag en nacht in voor een aangepaste, persoonlijke verzorging en ondersteuning van de bejaarde.<\/p>\n<h4><span style=\"color: #ffcc00;\">DE DIENST VERPLEGING<\/span><\/h4>\n<p style=\"text-align: justify;\">De 100 bewoners die in de RVT-vleugel verblijven worden ononderbroken omgeven door verplegend personeel dat instaat voor hun welzijn alsook voor hun medische en paramedische (kinesitherapie) noden.<\/p>\n<p style=\"text-align: justify;\">De 71 bewoners die in de ROB-vleugel verblijven zijn onafhankelijker. Niettemin kunnen zij de hulp inroepen van het verplegend en verzorgend personeel wanneer de nood zich voordoet (het nemen van een geneesmiddel, een welbepaalde behandeling). Als er fysiotherapie nodig is, wordt er een externe aanbieder ingeschakeld.<\/p>\n<p style=\"text-align: justify;\">De 29 inwoners van de eenheid voor kort verblijf van Adrienne Gommers profiteren van het volledige scala aan diensten zoals verpleging, beroepstherapie, kameronderhoud en maaltijden. Een onafhankelijke fysiotherapeut is beschikbaar, indien nodig, voor sessies.<\/p>\n<p style=\"text-align: justify;\">Het tehuis werkt nauw samen met een aantal Brussels klinieken en ziekenhuizen. Indien een opname in het ziekenhuis zich opdringt verloopt deze vrij vlot. Dankzij deze samenwerking kan de betrokken persoon ervan op aan dat hij zeer goed en op een persoonlijke manier verpleegd zal worden, rekening houdend met zijn\/haar voorkeuren.<\/p>\n<h4><span style=\"color: #ffcc00;\">PALLIATIEVE ZORG<\/span><\/h4>\n<p style=\"text-align: justify;\">De grootste deel van onze residenten be\u00ebindigen hun leven in de residentie, omringd door professionals van de instelling. Indien nodig kan een extern team genaamd \u00ab\u00a0tweede lijn\u00a0\u00bb ook in de ondersteuning ingrijpen.<\/p>\n<h4><span style=\"color: #ffcc00;\">DE PARAMEDISCHE DIENSTVERLENING<\/span><\/h4>\n<p style=\"text-align: justify;\">Een ploeg van kinesitherapeuten en ergotherapeuten, die voor een paramedische begeleiding zorgt, is verbonden aan het Koning Boudewijntehuis. Naast de noodzakelijke revalidatiesessies, worden er tal van activiteiten voorzien zoals turnen, gezelschapsspelen, knutselen, &#8230;<\/p>\n<h4><span style=\"color: #ffcc00;\">DE CATERING<\/span><strong><br \/><\/strong><\/h4>\n<p style=\"text-align: justify;\">De maaltijden worden in de keuken van de residentie bereid door personeel van een particulier cateringbedrijf. Deze maaltijden zijn evenwichtig, gevarieerd en volgen eventuele dieetvoorschriften. Deze laatste worden geserveerd in verschillende restaurants (lunch en avond) en op de kamers van bewoners met gezondheidstoestanden.<\/p>\n<h4><span style=\"color: #ffcc00;\">HET SOCIALE EN CULTURELE LEVEN<\/span><\/h4>\n<p style=\"text-align: justify;\">Wij besteden heel veel aandacht aan de culturele ontplooiing van ieder. Zo, worden de bewoners aangespoord om deel te nemen aan de avondvoorstellingen rond het thema exploratie van de wereld, de ontspanningsnamiddagen van het Rode Kruis, de verscheidene opvoeringen die gegeven worden in de instelling zelf en het maandelijkse feestmaal voor de jarigen.<\/p>\n<h4><span style=\"color: #ffcc00;\">ANDERE DIENSTVERLENING&nbsp;<\/span><\/h4>\n<p style=\"text-align: justify;\">Kappersdiensten zijn meerdere dagen per week beschikbaar in de Residentie. Op verzoek zijn er ook twee pedicures beschikbaar. De Residentie beschikt eveneens over een bibliotheek met naast de gewone boeken een uitgebreide keuze aan grote letter -boeken, voor hen die kampen met gezichtsstoornissen.<\/p>\n<h4><span style=\"color: #ffcc00;\">HET TARIEF<\/span><\/h4>\n<p>De prijs voor het verblijf is op dit ogenblik :<\/p>\n<ul>\n<li>63,13 \u20ac per dag onder ROB-regiem<\/li>\n<li>70,27 \u20ac per dag onder RVT-regiem&nbsp;<\/li>\n<\/ul>\n<p>Bij afwezigheid van meer dan 7 dagen wordt er een korting van 20% toegestaan.<\/p>\n<p style=\"text-align: justify;\">Het ligt voor de hand dat het OCMW kan tussenkomen in de kosten voor hen die het volledige bedrag niet kunnen bekostigen. En dit na een sociaal en financieel onderzoek.<\/p>\n<h3 style=\"text-align: justify;\">Het kort verblijf Adrienne Gommers<strong><br \/><\/strong><\/h3>\n<p style=\"text-align: justify;\">Geopend in mei 2015, het korte verblijf is een leefruimte, gelegen aan de receptie van de Koning Boudewijn Residentie (1e verdieping). Bedoeld voor pati\u00ebnten ouder dan 60 jaar die na ziekenhuisopname niet direct naar huis kunnen of willen terugkeren. Deze afdeling heeft 29 individuele kamers en een multidisciplinair team bestaande uit verpleegsters, zorgverleners en een beroepstherapeut.<\/p>\n<p style=\"text-align: justify;\">Het biedt zorg buiten het ziekenhuis voor een bepaalde periode (minimaal verblijf van 15 dagen tot maximaal 3 maanden per kalenderjaar) en verwelkomt pati\u00ebnten met verschillende pathologen.<\/p>\n<p style=\"text-align: justify;\">De dagprijs is 91,56 euro. Dit bedrag is inclusief accommodatie, verpleging, beddengoed, maaltijden, tv en WiFi, verpleegkundige ondersteuning 24 uur per dag, dagelijkse levenshulp en sociale ondersteuning. Fysiotherapie kan worden verzorgd door een onafhankelijke fysiotherapeut.<\/p>\n<h3>De beschermde eenheden&nbsp;<\/h3>\n<p style=\"text-align: justify;\">Het zijn woonafdelingen die bestemd zijn voor bejaarden die lijden aan de ziekte van Alzheimer of een gelijkaardige aandoening die een aangepaste begeleiding vergen. Het personeel dat aan deze eenheden was toegewezen kreeg een specifieke opleiding voor het begeleiding van deze bewoners. Deze units, waarvan de uitvoer is geordend door codeklavier, hebben 59 bedden.<\/p>\n<h4><span style=\"color: #ffcc00;\">GEGEVENS<\/span><\/h4>\n<p>Koning Boudewijntehuis<\/p>\n<p>Jagersgaarde 2 &nbsp;\u2013&nbsp;1150 Sint-Pieters-Woluwe<\/p>\n<ul>\n<li>Directrice : Murielle Carels<br \/><span style=\"color: #ffcc00;\"><i class=\"fas fa-phone-square\"><\/i><\/span>&nbsp;02 773 58 51<\/li>\n<li>Maatschappelijk assistent: Jessica Goncalves<br \/><span style=\"color: #ffcc00;\"><i class=\"fas fa-phone-square\"><\/i><\/span>&nbsp;02 773 58 52<\/li>\n<li>Maatschappelijk assistent : Nicolas LEURQUIN<br \/><span style=\"color: #ffcc00;\"><i class=\"fas fa-phone-square\"><\/i><\/span>&nbsp;02 773 57 07<\/li>\n<\/ul>\n<hr \/>\n<h2><strong>Het centrum Oase<\/strong><\/h2>\n<hr \/>\n\n\n<figure class=\"wp-block-image\"><img decoding=\"async\" loading=\"lazy\" class=\"wp-image-489 alignleft\" src=\"https:\/\/cpas-ocmw1150.be\/wp-content\/uploads\/2015\/03\/photo_cent_jour.jpg\" alt=\"\" width=\"449\" height=\"291\" srcset=\"https:\/\/cpas-ocmw1150.be\/wp-content\/uploads\/2015\/03\/photo_cent_jour.jpg 298w, https:\/\/cpas-ocmw1150.be\/wp-content\/uploads\/2015\/03\/photo_cent_jour-80x52.jpg 80w\" sizes=\"(max-width: 449px) 100vw, 449px\" \/><\/figure>\n<p>\n\n\n<hr \/>\n<\/p><p style=\"text-align: justify;\">Het dagverzorgingscentrum beantwoordt aan een re\u00eble nood die bij de bevolking leeft. Het is voor alles een verblijfplaats die bejaarden de mogelijkheid geeft om hun zelfstandigheid zo lang mogelijk te behouden. Dankzij dit centrum treden ze uit hun isolement, wordt de opnameduur in het ziekenhuis verkort, wordt de definitieve opname in een tehuis uitgesteld en wordt de druk op de familie danig verlicht.<\/p>\n<p style=\"text-align: justify;\">Dit centrum is eveneens een schakel tussen het thuis en het tehuis.<\/p>\n<h4><span style=\"color: #ffcc00;\">TOELATINGSVOORWAARDEN<\/span><\/h4>\n<p style=\"text-align: justify;\">Elkeen die ouder dan zestig jaar is, in Sint-Pieters-Woluwe of een aangrenzende gemeente woont en die met fysieke of psychische moeilijkheden kampt die een begeleiding in het dagdagelijkse leven noodzakelijk maken. Het vervoer kan eventueel geregeld worden.<\/p>\n<h4><span style=\"color: #ffcc00;\">MODALITEITEN<\/span><\/h4>\n<p style=\"text-align: justify;\">Het centrum is van maandag tot vrijdag geopend en dit van 8u00 tot 16u30. Er is opvangmogelijkheid voor 10 personen.<\/p>\n<p style=\"text-align: justify;\">Het personeel bestaat uit \u00e9\u00e9n verpleegster, \u00e9\u00e9n ergotherapeut, \u00e9\u00e9n kinesitherapeut, \u00e9\u00e9n verpleeghulp en \u00e9\u00e9n chauffeur. Elke week is er gedurende 2 uur een arts ter plaatse.<\/p>\n<h4><span style=\"color: #ffcc00;\">VOORGESTELDE DIENSTEN&nbsp;<\/span><\/h4>\n<p style=\"text-align: justify;\">Culturele en sociale activiteiten (gezelschapsspellen, lied, hersentraining, verjaardagsfeestjes), handvaardigheidstraining, kookactiviteiten, uitjes (winkelen, markt, opvoeringen, tentoonstellingen, tocht naar zee,\u2026), een warme maaltijd opgediend door het Koning Boudewijntehuis, verzorging door verpleegsters (douches, bad, een verband \u2026), de mogelijkheid om ergens naartoe vervoerd te worden en van de kapper van het rusthuis te genieten.<\/p>\n<h4><span style=\"color: #ffcc00;\">PRIJS<\/span><\/h4>\n<ul>\n<li>23,38 \u20ac per dag, maaltijd inbegrepen<\/li>\n<li>3,50&nbsp; \u20ac per vervoer voor de bewoners van Sint-Pieters-Woluwe<\/li>\n<li>14,14 \u20ac maandelijkse bijdrage<\/li>\n<\/ul>\n<p style=\"text-align: justify;\">In geval van afwezigheid zal een korting worden toegekend van de 9e dag tot de laatste dag van afwezigheid, waarbij de eerste 8 dagen van afwezigheid volledig in rekening worden gebracht.<\/p>\n<p style=\"text-align: justify;\">Uiteraard kan OCMW financieel ingrijpen voor mensen die niet de volledige kosten kunnen betalen. En dit, na een sociaal en financieel onderzoek.<\/p>\n<h4><span style=\"color: #ffcc00;\">GEGEVENS<\/span><\/h4>\n<p>Dagcentrum<\/p>\n<p>Doorndal 25 &#8211; 1150 Sint-Pieters-Woluwe<\/p>\n<p>L\u00e9o Serneels<br \/><span style=\"color: #ffcc00;\"><i class=\"fas fa-phone-square\"><\/i> <\/span>02 675 42 03<br \/><span style=\"color: #000000;\"><a style=\"color: #000000; text-decoration: underline;\" href=\"mailto:centrejour.cpas@woluwe1150.be\"><span style=\"color: #ffcc00;\"><i class=\"fas fa-envelope\"><\/i> <\/span>centrejour.cpas@woluwe1150.be<\/a><\/span><\/p>\n<hr \/>\n<h2><strong>De service flats Residentie \u00abDoorndal\u00bb<\/strong><\/h2>\n<hr \/>\n<h2>&nbsp;<\/h2>\n\n\n<figure class=\"wp-block-image\"><img decoding=\"async\" loading=\"lazy\" class=\"wp-image-490  alignleft\" src=\"https:\/\/cpas-ocmw1150.be\/wp-content\/uploads\/2015\/03\/photo_val_epinettes.jpg\" alt=\"\" width=\"434\" height=\"282\" srcset=\"https:\/\/cpas-ocmw1150.be\/wp-content\/uploads\/2015\/03\/photo_val_epinettes.jpg 360w, https:\/\/cpas-ocmw1150.be\/wp-content\/uploads\/2015\/03\/photo_val_epinettes-80x52.jpg 80w, https:\/\/cpas-ocmw1150.be\/wp-content\/uploads\/2015\/03\/photo_val_epinettes-300x195.jpg 300w\" sizes=\"(max-width: 434px) 100vw, 434px\" \/><\/figure>\n\n\n<p style=\"text-align: justify;\">Deze nieuwe residentie ligt aan het Koning Boudewijntehuis en heeft sinds april 2005 haar deuren geopend. In deze residentie zijn 15 flats (waarvan 2 met terras) en \u00e9\u00e9n studio ondergebracht. Deze flats bestaan uit een woonkamer met een kookhoek, een slaapkamer, en een kleine badkamer met douche en een afgeschermd wc.<\/p>\n<p style=\"text-align: justify;\">De service flats zijn bedoeld voor de bejaarde die een bepaalde mate van onafhankelijkheid en zelfstandigheid willen behouden maar anderzijds toch willen kunnen terugvallen op een aantal dienstverleningen die aangeboden worden door het Koning Boudewijntehuis of door het OCMW : een gesloten netwerk met de verzorgingsinstelling Koning Boudewijn voor noodoproepen, de mogelijkheid om te kunnen eten in de eetzaal van het tehuis of om de maaltijd op de flat opgediend te krijgen, het wasgoed laten wassen, beroep doen op een schoonmaakdienst. Maar ook is er een kapsalon naast de deur, en zijn er ontspanningsvoorzieningen in de polyvalente zaal van het tehuis.<\/p>\n<h4><span style=\"color: #ffcc00;\">PRIJS<\/span><\/h4>\n<ul>\n<li>Studio: maandelijkse huur vanaf 931 \u20ac<\/li>\n<li>Flats: maandelijkse huur vanaf 1.163 \u20ac (vanaf 1.346 \u20ac voor de flats met terras)<\/li>\n<\/ul>\n<p style=\"text-align: justify;\">Een vast bedrag van 200 \u20ac per maand voor de aansluiting op het systeem van ouderenalarm dat in verbinding met het Koning Boudewijntehuis staat, het schoonmaken van de gemeenschappelijke ruimtes, het onderhoud van de lift en de tuin, de klusjesdienst van het tehuis Doorndal en eveneens voor de mogelijkheid om te kunnen genieten van de diensten van het Koning Boudewijntehuis (gymlessen, yoga, spelletjes, &#8230;).<\/p>\n<p>Provisie voor de eigendomslasten: 125 \u20ac (water, elektriciteit en verwarming)<\/p>\n<p style=\"text-align: justify;\">Vanzelfsprekend zal het OCMW tussenkomen in de kosten voor hen die er niet in slagen de totale lastensom te betalen. En dit, na een sociaal en financieel onderzoek.<\/p>\n<h4><span style=\"color: #ffcc00;\">GEGEVENS<\/span><\/h4>\n<p><strong>Doorndal Residentie<\/strong><\/p>\n<p>Doorndal 40 &#8211; 1150 Sint-Pieters-Woluwe<br \/><span style=\"color: #ffcc00;\"><i class=\"fas fa-phone-square\"><\/i> <\/span>02 773 57 11<br \/><span style=\"color: #ffcc00;\"><i class=\"fas fa-phone-square\"><\/i> <\/span>02 773 58 90<br \/><a href=\"mailto:rrb.cpas@woluwe1150.be\"><span style=\"color: #ffcc00;\"><i class=\"fas fa-envelope\"><\/i> <\/span>rrb.cpas@woluwe1150.be<\/a><\/p>\n<hr \/>\n<p>In het Brussels Hoofdstedelijk Gewest is Iriscare de bicommunautaire instelling van openbaar nut die bevoegd is voor de erkenning en controle van voorzieningen voor ouderen. Meer bepaald: rusthuizen, rust- en verzorgingstehuizen, service-residenties, centra voor dagopvang of centra voor dagverzorging.<\/p>\n<p>Bewoners van deze erkende voorzieningen voor ouderen, hun familie, vrienden of kennissen en ook het personeel kunnen bij de dienst Geschillen en Bemiddeling terecht met vragen en klachten. &nbsp;<\/p>\n<p>De dienst Geschillen en Bemiddeling kan u helpen als u zich in een van de volgende situaties bevindt:<\/p>\n<ul>\n<li>U hebt een <strong>algemene of specifieke vraag<\/strong> over een erkende voorziening voor ouderen.<\/li>\n<\/ul>\n<p>De dienst beantwoordt uw vraag onmiddellijk of vraagt bijkomende informatie op en informeert u op een later moment.<\/p>\n<ul>\n<li>U hebt een <strong>klacht<\/strong> over een erkende voorziening voor ouderen.<\/li>\n<\/ul>\n<p>We onderzoeken uw klacht. Het is mogelijk dat we u contacteren voor bijkomende informatie. De dienst Geschillen en Bemiddeling zal steeds vragen of u binnen de voorziening uw klacht reeds heeft gemeld.<\/p>\n<p>Klachten kunnen anoniem en niet-anoniem onderzocht worden. De aard van de klacht maakt het soms moeilijk om de anonimiteit te garanderen. U zal daar steeds op gewezen worden.<\/p>\n<p>Na afloop van de contactname met de voorziening of de inspectie ter plaatse delen we u het resultaat hiervan schriftelijk mee.<\/p>\n<p>Uw vraag of klacht kunt u per e-mail richten aan <a href=\"mailto:bemiddeling@iriscare.brussels\">bemiddeling@iriscare.brussels<\/a>, per post aan Iriscare, dienst Geschillen en Bemiddeling, Belliardstraat 71 bus 2, 1040 Brussel of elektronisch via volgend telefoonnummer 02\/435 64 33.<\/p>\n<p>Meer informatie vindt u op <a href=\"https:\/\/www.iriscare.brussels\/nl\/klachten\/\">https:\/\/www.iriscare.brussels\/nl\/klachten\/<\/a>.<\/p>","protected":false},"excerpt":{"rendered":"<p><img decoding=\"async\" loading=\"lazy\" class=\"aligncenter wp-image-375\" src=\"http:\/\/wp.cpas-ocmw1150.be\/wp-content\/uploads\/2016\/10\/fotolia_58891015-e1477645375794-300x101.jpg\" alt=\"fotolia_58891015\" width=\"900\" height=\"302\" srcset=\"https:\/\/cpas-ocmw1150.be\/wp-content\/uploads\/2016\/10\/fotolia_58891015-e1477645375794-300x101.jpg 300w, https:\/\/cpas-ocmw1150.be\/wp-content\/uploads\/2016\/10\/fotolia_58891015-e1477645375794-80x27.jpg 80w, https:\/\/cpas-ocmw1150.be\/wp-content\/uploads\/2016\/10\/fotolia_58891015-e1477645375794.jpg 500w\" sizes=\"(max-width: 900px) 100vw, 900px\" \/><\/p>\n<h2><strong>La R\u00e9sidence Roi Baudouin<\/strong><\/h2>\n<p><im...\n<\/p>\n","protected":false},"author":2,"featured_media":1851,"parent":0,"menu_order":0,"comment_status":"closed","ping_status":"closed","template":"","meta":[],"_links":{"self":[{"href":"https:\/\/cpas-ocmw1150.be\/nl_NL\/wp-json\/wp\/v2\/pages\/56"}],"collection":[{"href":"https:\/\/cpas-ocmw1150.be\/nl_NL\/wp-json\/wp\/v2\/pages"}],"about":[{"href":"https:\/\/cpas-ocmw1150.be\/nl_NL\/wp-json\/wp\/v2\/types\/page"}],"author":[{"embeddable":true,"href":"https:\/\/cpas-ocmw1150.be\/nl_NL\/wp-json\/wp\/v2\/users\/2"}],"replies":[{"embeddable":true,"href":"https:\/\/cpas-ocmw1150.be\/nl_NL\/wp-json\/wp\/v2\/comments?post=56"}],"version-history":[{"count":203,"href":"https:\/\/cpas-ocmw1150.be\/nl_NL\/wp-json\/wp\/v2\/pages\/56\/revisions"}],"predecessor-version":[{"id":3714,"href":"https:\/\/cpas-ocmw1150.be\/nl_NL\/wp-json\/wp\/v2\/pages\/56\/revisions\/3714"}],"wp:featuredmedia":[{"embeddable":true,"href":"https:\/\/cpas-ocmw1150.be\/nl_NL\/wp-json\/wp\/v2\/media\/1851"}],"wp:attachment":[{"href":"https:\/\/cpas-ocmw1150.be\/nl_NL\/wp-json\/wp\/v2\/media?parent=56"}],"curies":[{"name":"wp","href":"https:\/\/api.w.org\/{rel}","templated":true}]}}