{"id":706,"date":"2018-01-29T12:38:12","date_gmt":"2018-01-29T11:38:12","guid":{"rendered":"http:\/\/cpas-ocmw1150.be\/?page_id=706"},"modified":"2025-01-20T09:16:08","modified_gmt":"2025-01-20T08:16:08","slug":"le-service-dinsertion-socioprofessionnelle","status":"publish","type":"page","link":"https:\/\/cpas-ocmw1150.be\/nl_NL\/action-sociale-service-social\/le-service-dinsertion-socioprofessionnelle\/","title":{"rendered":"De socio-professionele inschakelingsdienst"},"content":{"rendered":"\n<figure class=\"wp-block-image\"><img decoding=\"async\" loading=\"lazy\" width=\"1500\" height=\"700\" src=\"https:\/\/cpas-ocmw1150.be\/wp-content\/uploads\/2023\/04\/CPAS-SISP.png\" alt=\"\" class=\"wp-image-2000\" srcset=\"https:\/\/cpas-ocmw1150.be\/wp-content\/uploads\/2023\/04\/CPAS-SISP.png 1500w, https:\/\/cpas-ocmw1150.be\/wp-content\/uploads\/2023\/04\/CPAS-SISP-180x84.png 180w, https:\/\/cpas-ocmw1150.be\/wp-content\/uploads\/2023\/04\/CPAS-SISP-1024x478.png 1024w, https:\/\/cpas-ocmw1150.be\/wp-content\/uploads\/2023\/04\/CPAS-SISP-80x37.png 80w, https:\/\/cpas-ocmw1150.be\/wp-content\/uploads\/2023\/04\/CPAS-SISP-768x358.png 768w\" sizes=\"(max-width: 1500px) 100vw, 1500px\" \/><\/figure>\n\n\n<p>De socio-professionele inschakelingsdienst heeft als opdracht de begunstigden van het OCMW in de arbeidsmarkt te herintegreren. Het biedt begeleiding bij het kwalificeren van opleiding, psychosociale begeleidingsactiviteiten en ondersteuning bij het zoeken naar werk. Deze verschillende partnerschappen kunnen zich zowel met externe organen als binnen de CPAS verwezenlijken.<\/p>\n<p>Om deze doelstellingen te bereiken biedt de invoegingsdienst contracten aan op grond van artikel 60\u00a7 7 van de organieke wet betreffende de openbare centra voor maatschappelijk welzijn. Hierdoor kan een groot aantal mensen een vaste baan worden aangeboden. De tijd die nodig is om hun recht op sociale uitkeringen te herstellen. Dit soort contracten zal hen ook in staat stellen te profiteren van echte professionele ervaring. Dit is een springplank naar re\u00efntegratie op de werkplek.<\/p>\n<h2><span style=\"color: #ffcc00;\">Onze team<\/span><\/h2>\n<p>Ons OCMW werft, onder artikel 60\u00a77, gemiddeld 50 personen per jaar aan. Van deze 50 personen zijn er, volgens de statistieken, 38% die na be\u00ebindiging van voornoemd contract vast werk vinden.<\/p>\n<p>Ons centrum heeft in 2003 een thuiszorgbedrijf opgericht genaamd \u00ab\u00a0Het Duwtje van Woluwe-Sint-Pieters\u00a0\u00bb. Zij tewerkstellen werknemers in het kader van artikel 60\u00a7 7.<\/p>\n<p>De socio-professionele inschakelingsdienst besteedt eveneens aandacht aan de sportieve en culturele ontplooi\u00efng van de cli\u00ebnten van het OCMW door hen aan te moedigen om deel te nemen aan culturele en sportieve evenementen. Dit betekent dat het OCMW sportkampen bekostigt, kortingen op verschillende culturele manifestaties aanbiedt en nog vele ander voordelen ; dit alles opdat de gerechtigden zich op vele vlakken zouden kunnen ontwikkelen en uiteindelijk opnieuw volwaardig sociaal opgenomen zouden worden.<\/p>\n<h2 class=\"txt_petit\"><span style=\"color: #ffcc00;\">GEGEVENS<\/span><\/h2>\n<p><strong>Socio-professionele inschakelingsdienst<\/strong><br \/>Charles Thielemanslaan 44 &#8211; 1150 Woluwe-Saint-Pierre<br \/><i class=\"fa fa-phone-square fa- \"><\/i> 02 235 20 70<br \/><i class=\"fa fa-envelope fa- \"><\/i> <span style=\"color: #000000;\"><a style=\"color: #000000;\" href=\"mailto:herinschakeling.ocmw@woluwe1150.be\">herinschakeling.ocmw@woluwe1150.be<\/a><\/span><br \/>Verantwoordelijke : Nathalie Dewilde<br \/><i class=\"fa fa-phone-square fa- \"><\/i> 02 235 20 71<\/p>\n<div id='gallery-1' class='gallery galleryid-706 gallery-columns-2 gallery-size-medium'><figure class='gallery-item'>\n\t\t\t<div class='gallery-icon landscape'>\n\t\t\t\t<img width=\"180\" height=\"74\" src=\"https:\/\/cpas-ocmw1150.be\/wp-content\/uploads\/2018\/01\/actiris_NL72-300x123.png\" class=\"attachment-medium size-medium\" alt=\"\" decoding=\"async\" loading=\"lazy\" srcset=\"https:\/\/cpas-ocmw1150.be\/wp-content\/uploads\/2018\/01\/actiris_NL72-300x123.png 300w, https:\/\/cpas-ocmw1150.be\/wp-content\/uploads\/2018\/01\/actiris_NL72-80x33.png 80w, https:\/\/cpas-ocmw1150.be\/wp-content\/uploads\/2018\/01\/actiris_NL72.png 748w\" sizes=\"(max-width: 180px) 100vw, 180px\" \/>\n\t\t\t<\/div><\/figure><figure class='gallery-item'>\n\t\t\t<div class='gallery-icon landscape'>\n\t\t\t\t<img width=\"180\" height=\"54\" src=\"https:\/\/cpas-ocmw1150.be\/wp-content\/uploads\/2025\/01\/FSE_texte_BIL-180x54.jpg\" class=\"attachment-medium size-medium\" alt=\"FSE\" decoding=\"async\" loading=\"lazy\" srcset=\"https:\/\/cpas-ocmw1150.be\/wp-content\/uploads\/2025\/01\/FSE_texte_BIL-180x54.jpg 180w, https:\/\/cpas-ocmw1150.be\/wp-content\/uploads\/2025\/01\/FSE_texte_BIL-1024x307.jpg 1024w, https:\/\/cpas-ocmw1150.be\/wp-content\/uploads\/2025\/01\/FSE_texte_BIL-80x24.jpg 80w, https:\/\/cpas-ocmw1150.be\/wp-content\/uploads\/2025\/01\/FSE_texte_BIL-768x230.jpg 768w, https:\/\/cpas-ocmw1150.be\/wp-content\/uploads\/2025\/01\/FSE_texte_BIL-1536x460.jpg 1536w, https:\/\/cpas-ocmw1150.be\/wp-content\/uploads\/2025\/01\/FSE_texte_BIL.jpg 1796w\" sizes=\"(max-width: 180px) 100vw, 180px\" \/>\n\t\t\t<\/div><\/figure>\n\t\t<\/div>\n","protected":false},"excerpt":{"rendered":"<div id='gallery-2' class='gallery galleryid-706 gallery-columns-2 gallery-size-medium'><figure class='gallery-item'>\n\t\t\t<div class='gallery-icon landscape'>\n\t\t\t\t<img width=\"180\" height=\"75\" src=\"https:\/\/cpas-ocmw1150.be\/wp-content\/uploads\/2018\/01\/actiris_FR72-300x125.png\" class=\"attachment-medium size-medium\" alt=\"\" decoding=\"async\" loading=\"lazy\" srcset=\"https:\/\/cpas-ocmw1150.be\/wp-content\/uploads\/2018\/01\/actiris_FR72-300x125.png 300w, https:\/\/cpas-ocmw1150.be\/wp-content\/uploads\/2018\/01\/actiris_FR72-80x33.png 80w, https:\/\/cpas-ocmw1150.be\/wp-content\/uploads\/2018\/01\/actiris_FR72-768x320.png 768w, https:\/\/cpas-ocmw1150.be\/wp-content\/uploads\/2018\/01\/actiris_FR72.png 772w\" sizes=\"(max-width: 180px) 100vw, 180px\" \/>\n\t\t\t<\/div><\/figure><figure class='gallery-item'>\n\t\t\t<div class='gallery-icon landscape'>\n\t\t\t\t<img width=\"180\" height=\"76\" src=\"https:\/\/cpas-ocmw1150.be\/wp-content\/uploads\/2018\/01\/FSE-e1517228991182-300x126.jpg\" class=\"attachment-medium size-medium\" alt=\"\" decoding=\"async\" loading=\"lazy\" srcset=\"https:\/\/cpas-ocmw1150.be\/wp-content\/uploads\/2018\/01\/FSE-e1517228991182-300x126.jpg 300w, https:\/\/cpas-ocmw1150.be\/wp-content\/uploads\/2018\/01\/FSE-e1517228991182-80x34.jpg 80w, https:\/\/cpas-ocmw1150.be\/wp-content\/uploads\/2018\/01\/FSE-e1517228991182.jpg 500w\" sizes=\"(max-width: 180px) 100vw, 180px\" \/>\n\t\t\t<\/div><\/figure>\n\t\t<\/div>\n\n<p>Le service d\u2019insertion socioprofessionnelle a pour mission de r\u00e9ins\u00e9rer sur le march\u00e9 de l\u2019emploi les b\u00e9n\u00e9ficiaires du CPAS. Il propose des orientations vers des formations qualifiantes&#8230;<\/p>\n","protected":false},"author":2,"featured_media":0,"parent":45,"menu_order":0,"comment_status":"closed","ping_status":"closed","template":"","meta":[],"_links":{"self":[{"href":"https:\/\/cpas-ocmw1150.be\/nl_NL\/wp-json\/wp\/v2\/pages\/706"}],"collection":[{"href":"https:\/\/cpas-ocmw1150.be\/nl_NL\/wp-json\/wp\/v2\/pages"}],"about":[{"href":"https:\/\/cpas-ocmw1150.be\/nl_NL\/wp-json\/wp\/v2\/types\/page"}],"author":[{"embeddable":true,"href":"https:\/\/cpas-ocmw1150.be\/nl_NL\/wp-json\/wp\/v2\/users\/2"}],"replies":[{"embeddable":true,"href":"https:\/\/cpas-ocmw1150.be\/nl_NL\/wp-json\/wp\/v2\/comments?post=706"}],"version-history":[{"count":47,"href":"https:\/\/cpas-ocmw1150.be\/nl_NL\/wp-json\/wp\/v2\/pages\/706\/revisions"}],"predecessor-version":[{"id":2896,"href":"https:\/\/cpas-ocmw1150.be\/nl_NL\/wp-json\/wp\/v2\/pages\/706\/revisions\/2896"}],"up":[{"embeddable":true,"href":"https:\/\/cpas-ocmw1150.be\/nl_NL\/wp-json\/wp\/v2\/pages\/45"}],"wp:attachment":[{"href":"https:\/\/cpas-ocmw1150.be\/nl_NL\/wp-json\/wp\/v2\/media?parent=706"}],"curies":[{"name":"wp","href":"https:\/\/api.w.org\/{rel}","templated":true}]}}